{"id":6020,"date":"2022-02-16T19:26:30","date_gmt":"2022-02-16T16:26:30","guid":{"rendered":"https:\/\/inspire-eu.com\/TR\/?page_id=6020"},"modified":"2022-02-16T19:26:30","modified_gmt":"2022-02-16T16:26:30","slug":"istasyontedu","status":"publish","type":"page","link":"https:\/\/inspire-eu.com\/TR\/index.php\/partners\/istasyontedu\/","title":{"rendered":"\u0130stasyonTED\u00dc"},"content":{"rendered":"<p>\u0130stasyonTED\u00dc &#8211; TED \u00dcniversitesi Sosyal \u0130novasyon Merkezi, 8 Nisan 2016\u2019da sosyal inovasyon ve sosyal giri\u015fimcilik ekosistemlerinin geli\u015fimine katk\u0131 sunmak, \u00fcniversite-toplum etkile\u015fiminin g\u00fc\u00e7lendirilmesine destek olmak ve sosyal fayda odakl\u0131 akt\u00f6rleri bir araya getirmek \u00fczere kurulan \u00e7ok i\u015flevli bir ortak \u00fcretim alan\u0131d\u0131r. Bu kapsamda \u0130stasyonTED\u00dc, sosyal giri\u015fimcilere ve sosyal inovat\u00f6rlere y\u00f6nelik finansal olmayan destekler sunuyor; e\u011fitimler, dan\u0131\u015fmanl\u0131klar, etkinlikler, kamu diyalo\u011fu \u00e7al\u0131\u015fmalar\u0131 ve uygulamal\u0131 ara\u015ft\u0131rma projeleri y\u00fcr\u00fcterek ekosistemi g\u00fc\u00e7lendiren ve birle\u015ftiren arac\u0131l\u0131k faaliyetleri ger\u00e7ekle\u015ftiriyor.<\/p>\n","protected":false},"excerpt":{"rendered":"<p>\u0130stasyonTED\u00dc &#8211; TED \u00dcniversitesi Sosyal \u0130novasyon Merkezi, 8 Nisan 2016\u2019da sosyal inovasyon ve sosyal giri\u015fimcilik ekosistemlerinin geli\u015fimine katk\u0131 sunmak, \u00fcniversite-toplum etkile\u015fiminin g\u00fc\u00e7lendirilmesine destek olmak ve sosyal fayda odakl\u0131 akt\u00f6rleri bir araya getirmek \u00fczere kurulan \u00e7ok i\u015flevli bir ortak \u00fcretim alan\u0131d\u0131r. Bu kapsamda \u0130stasyonTED\u00dc, sosyal giri\u015fimcilere ve sosyal inovat\u00f6rlere y\u00f6nelik finansal olmayan destekler sunuyor; e\u011fitimler, dan\u0131\u015fmanl\u0131klar, [&hellip;]<\/p>\n","protected":false},"author":1,"featured_media":0,"parent":5787,"menu_order":0,"comment_status":"closed","ping_status":"closed","template":"","meta":{"footnotes":""},"class_list":["post-6020","page","type-page","status-publish","hentry"],"_links":{"self":[{"href":"https:\/\/inspire-eu.com\/TR\/index.php\/wp-json\/wp\/v2\/pages\/6020","targetHints":{"allow":["GET"]}}],"collection":[{"href":"https:\/\/inspire-eu.com\/TR\/index.php\/wp-json\/wp\/v2\/pages"}],"about":[{"href":"https:\/\/inspire-eu.com\/TR\/index.php\/wp-json\/wp\/v2\/types\/page"}],"author":[{"embeddable":true,"href":"https:\/\/inspire-eu.com\/TR\/index.php\/wp-json\/wp\/v2\/users\/1"}],"replies":[{"embeddable":true,"href":"https:\/\/inspire-eu.com\/TR\/index.php\/wp-json\/wp\/v2\/comments?post=6020"}],"version-history":[{"count":1,"href":"https:\/\/inspire-eu.com\/TR\/index.php\/wp-json\/wp\/v2\/pages\/6020\/revisions"}],"predecessor-version":[{"id":6021,"href":"https:\/\/inspire-eu.com\/TR\/index.php\/wp-json\/wp\/v2\/pages\/6020\/revisions\/6021"}],"up":[{"embeddable":true,"href":"https:\/\/inspire-eu.com\/TR\/index.php\/wp-json\/wp\/v2\/pages\/5787"}],"wp:attachment":[{"href":"https:\/\/inspire-eu.com\/TR\/index.php\/wp-json\/wp\/v2\/media?parent=6020"}],"curies":[{"name":"wp","href":"https:\/\/api.w.org\/{rel}","templated":true}]}}