{"id":5972,"date":"2022-02-16T12:26:52","date_gmt":"2022-02-16T09:26:52","guid":{"rendered":"https:\/\/inspire-eu.com\/EN\/?page_id=5972"},"modified":"2022-02-16T19:46:43","modified_gmt":"2022-02-16T16:46:43","slug":"ireland","status":"publish","type":"page","link":"https:\/\/inspire-eu.com\/TR\/index.php\/partners\/ireland\/","title":{"rendered":"\u0130rlanda"},"content":{"rendered":"<p>\u201cWorkplace Innovation Europe\u201d, \u0130rlanda&#8217;da bulunan, kar amac\u0131 g\u00fctmeyen uluslararas\u0131 bir kurulu\u015ftur ve ara\u015ft\u0131rma, da\u011f\u0131t\u0131m, politika savunmas\u0131 ve dan\u0131\u015fmanl\u0131k yoluyla daha iyi, daha \u00fcretken ve daha sa\u011fl\u0131kl\u0131 \u00e7al\u0131\u015fma yollar\u0131n\u0131 desteklemek i\u00e7in kurulmu\u015ftur. Birle\u015fik Krall\u0131k&#8217;ta bulunan Workplace Innovation Limited&#8217;in ana \u015firketidir ve i\u015fyerinde yenilik, istihdam ili\u015fkileri, beceri kullan\u0131m\u0131 ve geli\u015ftirme, ekonomik kalk\u0131nma, kamu politikas\u0131, medya ve ileti\u015fim alanlar\u0131nda uzmanl\u0131\u011fa sahip toplam on ki\u015fiden olu\u015fmaktad\u0131r. Bu s\u00fcre zarf\u0131nda yakla\u015f\u0131k otuz \u00fclkeden \u015firketleri bir araya getirerek &#8216;nelerin i\u015fe yarad\u0131\u011f\u0131na&#8217; dair fikir ve deneyimlerini payla\u015farak i\u015fyerinde ihtiya\u00e7 duyulan pratik bilgileri sa\u011flamak i\u00e7in uluslararas\u0131 ara\u015ft\u0131rmalardan yararlanan ara\u00e7lar ve kaynaklar olu\u015fturmu\u015ftur. \u0130\u015fyeri inovasyonunda \u201cbilgili kat\u0131l\u0131mc\u0131lar\u201d olarak sendikalar\u0131n ve i\u015fveren \u00f6rg\u00fctlerinin rol\u00fcn\u00fc vurgulanm\u0131\u015f daha iyi ve daha \u00fcretken i\u015fyerlerini desteklemek i\u00e7in do\u011frudan Avrupa Komisyonu ile birlikte \u00e7al\u0131\u015fm\u0131\u015ft\u0131r.<\/p>\n","protected":false},"excerpt":{"rendered":"<p>\u201cWorkplace Innovation Europe\u201d, \u0130rlanda&#8217;da bulunan, kar amac\u0131 g\u00fctmeyen uluslararas\u0131 bir kurulu\u015ftur ve ara\u015ft\u0131rma, da\u011f\u0131t\u0131m, politika savunmas\u0131 ve dan\u0131\u015fmanl\u0131k yoluyla daha iyi, daha \u00fcretken ve daha sa\u011fl\u0131kl\u0131 \u00e7al\u0131\u015fma yollar\u0131n\u0131 desteklemek i\u00e7in kurulmu\u015ftur. Birle\u015fik Krall\u0131k&#8217;ta bulunan Workplace Innovation Limited&#8217;in ana \u015firketidir ve i\u015fyerinde yenilik, istihdam ili\u015fkileri, beceri kullan\u0131m\u0131 ve geli\u015ftirme, ekonomik kalk\u0131nma, kamu politikas\u0131, medya ve ileti\u015fim [&hellip;]<\/p>\n","protected":false},"author":1,"featured_media":0,"parent":5787,"menu_order":0,"comment_status":"closed","ping_status":"closed","template":"","meta":{"footnotes":""},"class_list":["post-5972","page","type-page","status-publish","hentry"],"_links":{"self":[{"href":"https:\/\/inspire-eu.com\/TR\/index.php\/wp-json\/wp\/v2\/pages\/5972","targetHints":{"allow":["GET"]}}],"collection":[{"href":"https:\/\/inspire-eu.com\/TR\/index.php\/wp-json\/wp\/v2\/pages"}],"about":[{"href":"https:\/\/inspire-eu.com\/TR\/index.php\/wp-json\/wp\/v2\/types\/page"}],"author":[{"embeddable":true,"href":"https:\/\/inspire-eu.com\/TR\/index.php\/wp-json\/wp\/v2\/users\/1"}],"replies":[{"embeddable":true,"href":"https:\/\/inspire-eu.com\/TR\/index.php\/wp-json\/wp\/v2\/comments?post=5972"}],"version-history":[{"count":3,"href":"https:\/\/inspire-eu.com\/TR\/index.php\/wp-json\/wp\/v2\/pages\/5972\/revisions"}],"predecessor-version":[{"id":6075,"href":"https:\/\/inspire-eu.com\/TR\/index.php\/wp-json\/wp\/v2\/pages\/5972\/revisions\/6075"}],"up":[{"embeddable":true,"href":"https:\/\/inspire-eu.com\/TR\/index.php\/wp-json\/wp\/v2\/pages\/5787"}],"wp:attachment":[{"href":"https:\/\/inspire-eu.com\/TR\/index.php\/wp-json\/wp\/v2\/media?parent=5972"}],"curies":[{"name":"wp","href":"https:\/\/api.w.org\/{rel}","templated":true}]}}