{"id":5970,"date":"2022-02-16T12:23:26","date_gmt":"2022-02-16T09:23:26","guid":{"rendered":"https:\/\/inspire-eu.com\/EN\/?page_id=5970"},"modified":"2022-02-16T19:47:06","modified_gmt":"2022-02-16T16:47:06","slug":"portugal","status":"publish","type":"page","link":"https:\/\/inspire-eu.com\/TR\/index.php\/partners\/portugal\/","title":{"rendered":"Portekiz"},"content":{"rendered":"<p>Iscte (www.iscte.pt) 1972&#8217;de kurulmu\u015f olan lisans\u00fcst\u00fc \u00e7al\u0131\u015fmalar ve bilimsel ara\u015ft\u0131rmalardaki g\u00fcc\u00fcyle \u00f6ne \u00e7\u0131kan y\u00fcksek kaliteli bir devlet \u00fcniversitesidir.\u00a0 Iscte \u0130\u015fletme Okulu, Sosyoloji ve Kamu Politikas\u0131 Okulu, Teknoloji ve Mimarl\u0131k Okulu ve Sosyal Bilimler ve Be\u015feri Bilimler Okulu olmak \u00fczere d\u00f6rt okulunun lisans ve lisans\u00fcst\u00fc programlar\u0131nda yakla\u015f\u0131k 9000 \u00f6\u011frenciye ev sahipli\u011fi yapmaktad\u0131r. \u00dcniversite ayr\u0131ca, Avrupa Birli\u011fi taraf\u0131ndan desteklenen bir dizi e\u011fitim, \u00f6\u011fretim ve ara\u015ft\u0131rma program\u0131 da dahil olmak \u00fczere, d\u00fcnya \u00e7ap\u0131nda ortak projeler ve ortakl\u0131klarla aktif olarak ilgilenmektedir. Dahil oldu\u011fu uluslararas\u0131 i\u015fbirlikleri, \u00f6\u011fretim ve ara\u015ft\u0131rmadaki g\u00fc\u00e7l\u00fc gelenekleri, Iscte&#8217;yi \u00fclkenin en dinamik \u00fcniversitelerinden biri haline getirmektedir. Iscte, \u00e7ok say\u0131da \u00fcniversite, ara\u015ft\u0131rma enstit\u00fcs\u00fc ve kamu, \u00f6zel ve 3. sekt\u00f6r kurulu\u015flar\u0131 ile ulusal ve uluslararas\u0131 i\u015fbirli\u011fi kurmaktad\u0131r. \u00dcniversitenin, bilim, ekonomi ve toplumla g\u00fc\u00e7l\u00fc bir ba\u011f\u0131 ve ayr\u0131ca bu konulara \u00f6nemli katk\u0131s\u0131 vard\u0131r.<\/p>\n","protected":false},"excerpt":{"rendered":"<p>Iscte (www.iscte.pt) 1972&#8217;de kurulmu\u015f olan lisans\u00fcst\u00fc \u00e7al\u0131\u015fmalar ve bilimsel ara\u015ft\u0131rmalardaki g\u00fcc\u00fcyle \u00f6ne \u00e7\u0131kan y\u00fcksek kaliteli bir devlet \u00fcniversitesidir.\u00a0 Iscte \u0130\u015fletme Okulu, Sosyoloji ve Kamu Politikas\u0131 Okulu, Teknoloji ve Mimarl\u0131k Okulu ve Sosyal Bilimler ve Be\u015feri Bilimler Okulu olmak \u00fczere d\u00f6rt okulunun lisans ve lisans\u00fcst\u00fc programlar\u0131nda yakla\u015f\u0131k 9000 \u00f6\u011frenciye ev sahipli\u011fi yapmaktad\u0131r. \u00dcniversite ayr\u0131ca, Avrupa Birli\u011fi [&hellip;]<\/p>\n","protected":false},"author":1,"featured_media":0,"parent":5787,"menu_order":0,"comment_status":"closed","ping_status":"closed","template":"","meta":{"footnotes":""},"class_list":["post-5970","page","type-page","status-publish","hentry"],"_links":{"self":[{"href":"https:\/\/inspire-eu.com\/TR\/index.php\/wp-json\/wp\/v2\/pages\/5970","targetHints":{"allow":["GET"]}}],"collection":[{"href":"https:\/\/inspire-eu.com\/TR\/index.php\/wp-json\/wp\/v2\/pages"}],"about":[{"href":"https:\/\/inspire-eu.com\/TR\/index.php\/wp-json\/wp\/v2\/types\/page"}],"author":[{"embeddable":true,"href":"https:\/\/inspire-eu.com\/TR\/index.php\/wp-json\/wp\/v2\/users\/1"}],"replies":[{"embeddable":true,"href":"https:\/\/inspire-eu.com\/TR\/index.php\/wp-json\/wp\/v2\/comments?post=5970"}],"version-history":[{"count":3,"href":"https:\/\/inspire-eu.com\/TR\/index.php\/wp-json\/wp\/v2\/pages\/5970\/revisions"}],"predecessor-version":[{"id":6078,"href":"https:\/\/inspire-eu.com\/TR\/index.php\/wp-json\/wp\/v2\/pages\/5970\/revisions\/6078"}],"up":[{"embeddable":true,"href":"https:\/\/inspire-eu.com\/TR\/index.php\/wp-json\/wp\/v2\/pages\/5787"}],"wp:attachment":[{"href":"https:\/\/inspire-eu.com\/TR\/index.php\/wp-json\/wp\/v2\/media?parent=5970"}],"curies":[{"name":"wp","href":"https:\/\/api.w.org\/{rel}","templated":true}]}}