{"id":5968,"date":"2022-02-16T12:22:45","date_gmt":"2022-02-16T09:22:45","guid":{"rendered":"https:\/\/inspire-eu.com\/EN\/?page_id=5968"},"modified":"2022-02-16T19:46:57","modified_gmt":"2022-02-16T16:46:57","slug":"belgium","status":"publish","type":"page","link":"https:\/\/inspire-eu.com\/TR\/index.php\/partners\/belgium\/","title":{"rendered":"Bel\u00e7ika"},"content":{"rendered":"<p>&nbsp;<\/p>\n<p>\u201cVoices of the World\u201d, Bel\u00e7ika&#8217;n\u0131n Br\u00fcksel kentinde bulunan kar amac\u0131 g\u00fctmeyen bir kurulu\u015ftur. VOW, sosyal uyum, \u00e7e\u015fitlilik ve entegrasyon, Avrupa ortak e\u011fitim \u00e7er\u00e7evesi, giri\u015fimcilik ve Edtech ile ilgili b\u00f6lgesel, ulusal, Avrupa ve Uluslararas\u0131 projelerin uygulanmas\u0131nda \u00e7al\u0131\u015fmakta ve di\u011fer uluslararas\u0131 payda\u015f STK&#8217;lar, e\u011fitim ve ara\u015ft\u0131rma merkezleri ve \u015firketler ile i\u015fbirli\u011fi yapmaktad\u0131r. VOW, gen\u00e7lerin yerel, ulusal ve AB d\u00fczeyinde politika olu\u015fturma s\u00fcrecine kat\u0131l\u0131m\u0131n\u0131 te\u015fvik ederek dijital okuryazarl\u0131k e\u011fitimi sa\u011flamakta, kodlama, algoritma, grafik tasar\u0131m, ileti\u015fim ve \u00e7evrimi\u00e7i e\u011fitim; gen\u00e7lerin \u00e7evresel s\u00fcrd\u00fcr\u00fclebilirli\u011fi ve \u00e7evrecili\u011fi savunmaya kat\u0131l\u0131m\u0131 konusunda e\u011fitim vermekte ve gen\u00e7leri bu konuda desteklemektedir.<\/p>\n<p>&nbsp;<\/p>\n<p>VOW, ara\u015ft\u0131rmac\u0131lar\u0131n, e\u011fitimcilerin ve gen\u00e7lik \u00e7al\u0131\u015fanlar\u0131n\u0131n yard\u0131m\u0131yla t\u00fcm ya\u015f gruplar\u0131 i\u00e7in var olan resmi veya gayri resmi e\u011fitim a\u00e7\u0131\u011f\u0131n\u0131 gidermek amac\u0131yla topluluk yakla\u015f\u0131m\u0131n\u0131 temel almakta ve toplumsal ve ekonomik bo\u015fluklara s\u00fcrd\u00fcr\u00fclebilir \u00e7\u00f6z\u00fcmler \u00fcretmeyi ama\u00e7lamaktad\u0131r. G\u00f6\u00e7menler i\u00e7in b\u00f6lgesel sosyal uyumu ve entegrasyonu te\u015fvik etmek amac\u0131yla genellikle Flanders eyaleti Br\u00fcksel ile i\u015fbirli\u011fi i\u00e7inde sosyo-k\u00fclt\u00fcrel faaliyetler d\u00fczenlemekte ve m\u00fcltecilere ve g\u00f6\u00e7menlere e\u011fitim ve entegrasyon rehberli\u011fi sa\u011flamaktad\u0131r. VOW, 2018&#8217;den beri Erasmus+ projelerine ortakl\u0131k ve koordinat\u00f6rl\u00fck yapmaktad\u0131r.<\/p>\n","protected":false},"excerpt":{"rendered":"<p>&nbsp; \u201cVoices of the World\u201d, Bel\u00e7ika&#8217;n\u0131n Br\u00fcksel kentinde bulunan kar amac\u0131 g\u00fctmeyen bir kurulu\u015ftur. VOW, sosyal uyum, \u00e7e\u015fitlilik ve entegrasyon, Avrupa ortak e\u011fitim \u00e7er\u00e7evesi, giri\u015fimcilik ve Edtech ile ilgili b\u00f6lgesel, ulusal, Avrupa ve Uluslararas\u0131 projelerin uygulanmas\u0131nda \u00e7al\u0131\u015fmakta ve di\u011fer uluslararas\u0131 payda\u015f STK&#8217;lar, e\u011fitim ve ara\u015ft\u0131rma merkezleri ve \u015firketler ile i\u015fbirli\u011fi yapmaktad\u0131r. VOW, gen\u00e7lerin yerel, ulusal [&hellip;]<\/p>\n","protected":false},"author":1,"featured_media":0,"parent":5787,"menu_order":0,"comment_status":"closed","ping_status":"closed","template":"","meta":{"footnotes":""},"class_list":["post-5968","page","type-page","status-publish","hentry"],"_links":{"self":[{"href":"https:\/\/inspire-eu.com\/TR\/index.php\/wp-json\/wp\/v2\/pages\/5968","targetHints":{"allow":["GET"]}}],"collection":[{"href":"https:\/\/inspire-eu.com\/TR\/index.php\/wp-json\/wp\/v2\/pages"}],"about":[{"href":"https:\/\/inspire-eu.com\/TR\/index.php\/wp-json\/wp\/v2\/types\/page"}],"author":[{"embeddable":true,"href":"https:\/\/inspire-eu.com\/TR\/index.php\/wp-json\/wp\/v2\/users\/1"}],"replies":[{"embeddable":true,"href":"https:\/\/inspire-eu.com\/TR\/index.php\/wp-json\/wp\/v2\/comments?post=5968"}],"version-history":[{"count":3,"href":"https:\/\/inspire-eu.com\/TR\/index.php\/wp-json\/wp\/v2\/pages\/5968\/revisions"}],"predecessor-version":[{"id":6077,"href":"https:\/\/inspire-eu.com\/TR\/index.php\/wp-json\/wp\/v2\/pages\/5968\/revisions\/6077"}],"up":[{"embeddable":true,"href":"https:\/\/inspire-eu.com\/TR\/index.php\/wp-json\/wp\/v2\/pages\/5787"}],"wp:attachment":[{"href":"https:\/\/inspire-eu.com\/TR\/index.php\/wp-json\/wp\/v2\/media?parent=5968"}],"curies":[{"name":"wp","href":"https:\/\/api.w.org\/{rel}","templated":true}]}}