{"id":5966,"date":"2022-02-16T12:21:30","date_gmt":"2022-02-16T09:21:30","guid":{"rendered":"https:\/\/inspire-eu.com\/EN\/?page_id=5966"},"modified":"2022-02-16T19:46:48","modified_gmt":"2022-02-16T16:46:48","slug":"turkey","status":"publish","type":"page","link":"https:\/\/inspire-eu.com\/TR\/index.php\/partners\/turkey\/","title":{"rendered":"T\u00fcrkiye"},"content":{"rendered":"<p>\u201cS\u00fcrd\u00fcr\u00fclebilir Kalk\u0131nma\u201d hedeflerini \u00f6nceleyerek kurulan \u0130novatif D\u00fc\u015f\u00fcnce Derne\u011fi , k\u00fcreselle\u015fen d\u00fcnyada bireyler ve topluluklar\u0131n \u201cvar olma\u201d ve geli\u015fme s\u00fcre\u00e7lerinde ekosistemler yarat\u0131lmas\u0131n\u0131 desteklemek ve d\u00fc\u015f\u00fcnce sistemleri \u00fczerinde yenilik\u00e7i etki yaratmay\u0131 ama\u00e7layarak kurulmu\u015ftur. Yoksulluk, g\u00f6\u00e7, gen\u00e7 i\u015fsizli\u011fi, sosyal d\u0131\u015flanma, iklim de\u011fi\u015fikli\u011fi, \u00e7evre sorunlar\u0131n\u0131n kar\u015f\u0131s\u0131nda analitik d\u00fc\u015f\u00fcnme, yarat\u0131c\u0131l\u0131k, inovasyon, dijital beceriler, problem \u00e7\u00f6zme gibi 21. y\u00fczy\u0131l becerilerinin geli\u015fimini yerel ve ulusal d\u00fczeyde g\u00fc\u00e7lendirecek mekanizmalar\u0131 ve politikalar\u0131 geli\u015ftirmeyi hedeflemektedir. Dernek, holistik bir yakla\u015f\u0131m ve \u00e7ok k\u00fclt\u00fcrl\u00fc bir \u00e7al\u0131\u015fma \/\u00f6\u011frenme ortam\u0131nda bireyden organizasyona kadar her d\u00fczeyde g\u00fcn\u00fcm\u00fcz ihtiya\u00e7lar\u0131n\u0131 kar\u015f\u0131lamak \u00fczere, ulusal ve uluslararas\u0131 geni\u015f bir network i\u00e7erisinde tasar\u0131m odakl\u0131 ve yenilik\u00e7i d\u00fc\u015f\u00fcnmeyi merkeze alarak e\u011fitimler ve projeler ger\u00e7ekle\u015ftirmektedir.<\/p>\n","protected":false},"excerpt":{"rendered":"<p>\u201cS\u00fcrd\u00fcr\u00fclebilir Kalk\u0131nma\u201d hedeflerini \u00f6nceleyerek kurulan \u0130novatif D\u00fc\u015f\u00fcnce Derne\u011fi , k\u00fcreselle\u015fen d\u00fcnyada bireyler ve topluluklar\u0131n \u201cvar olma\u201d ve geli\u015fme s\u00fcre\u00e7lerinde ekosistemler yarat\u0131lmas\u0131n\u0131 desteklemek ve d\u00fc\u015f\u00fcnce sistemleri \u00fczerinde yenilik\u00e7i etki yaratmay\u0131 ama\u00e7layarak kurulmu\u015ftur. Yoksulluk, g\u00f6\u00e7, gen\u00e7 i\u015fsizli\u011fi, sosyal d\u0131\u015flanma, iklim de\u011fi\u015fikli\u011fi, \u00e7evre sorunlar\u0131n\u0131n kar\u015f\u0131s\u0131nda analitik d\u00fc\u015f\u00fcnme, yarat\u0131c\u0131l\u0131k, inovasyon, dijital beceriler, problem \u00e7\u00f6zme gibi 21. y\u00fczy\u0131l becerilerinin geli\u015fimini [&hellip;]<\/p>\n","protected":false},"author":1,"featured_media":0,"parent":5787,"menu_order":0,"comment_status":"closed","ping_status":"closed","template":"","meta":{"footnotes":""},"class_list":["post-5966","page","type-page","status-publish","hentry"],"_links":{"self":[{"href":"https:\/\/inspire-eu.com\/TR\/index.php\/wp-json\/wp\/v2\/pages\/5966","targetHints":{"allow":["GET"]}}],"collection":[{"href":"https:\/\/inspire-eu.com\/TR\/index.php\/wp-json\/wp\/v2\/pages"}],"about":[{"href":"https:\/\/inspire-eu.com\/TR\/index.php\/wp-json\/wp\/v2\/types\/page"}],"author":[{"embeddable":true,"href":"https:\/\/inspire-eu.com\/TR\/index.php\/wp-json\/wp\/v2\/users\/1"}],"replies":[{"embeddable":true,"href":"https:\/\/inspire-eu.com\/TR\/index.php\/wp-json\/wp\/v2\/comments?post=5966"}],"version-history":[{"count":3,"href":"https:\/\/inspire-eu.com\/TR\/index.php\/wp-json\/wp\/v2\/pages\/5966\/revisions"}],"predecessor-version":[{"id":6076,"href":"https:\/\/inspire-eu.com\/TR\/index.php\/wp-json\/wp\/v2\/pages\/5966\/revisions\/6076"}],"up":[{"embeddable":true,"href":"https:\/\/inspire-eu.com\/TR\/index.php\/wp-json\/wp\/v2\/pages\/5787"}],"wp:attachment":[{"href":"https:\/\/inspire-eu.com\/TR\/index.php\/wp-json\/wp\/v2\/media?parent=5966"}],"curies":[{"name":"wp","href":"https:\/\/api.w.org\/{rel}","templated":true}]}}