{"id":5964,"date":"2022-02-16T12:20:20","date_gmt":"2022-02-16T09:20:20","guid":{"rendered":"https:\/\/inspire-eu.com\/EN\/?page_id=5964"},"modified":"2022-02-16T19:46:35","modified_gmt":"2022-02-16T16:46:35","slug":"france","status":"publish","type":"page","link":"https:\/\/inspire-eu.com\/TR\/index.php\/partners\/france\/","title":{"rendered":"Fransa"},"content":{"rendered":"<p>ASCBD, Avrupa ve ulusal programlar \u00e7er\u00e7evesinde \u00f6zellikle sosyal dayan\u0131\u015fma hedeflerini yerine getirmekte olan, gen\u00e7lere ve yeti\u015fkinlere y\u00f6nelik \u00e7e\u015fitli proje ve faaliyetlerin uygulanmas\u0131 yoluyla yeti\u015fkin ve gen\u00e7leri sosyal ya\u015fama dahil etmek amac\u0131 do\u011frultusunda e\u011fitim, g\u00f6n\u00fcll\u00fc aktivite alanlar\u0131nda faaliyet g\u00f6steren kar amac\u0131 g\u00fctmeyen bir kurulu\u015ftur.<\/p>\n<p>Organizasyonun amac\u0131, yeti\u015fkinler ve gen\u00e7lere y\u00f6nelik faaliyetleri ve projeleri k\u00fclt\u00fcrler aras\u0131 ve uluslararas\u0131 \u00f6\u011frenim boyutunda tan\u0131tmak ve modern toplumun sorunlar\u0131n\u0131n \u00fcstesinden gelmeleri i\u00e7in uygun y\u00f6ntemleri sunmakt\u0131r.<\/p>\n<p>Multik\u00fclt\u00fcrel bir ba\u011flamda, farkl\u0131 \u00fclkelerden gelen insanlarla deneyim ve ya\u015fant\u0131lar\u0131 payla\u015fmak, ekip \u00e7al\u0131\u015fmas\u0131n\u0131n de\u011ferini \u00f6\u011frenmeye yard\u0131mc\u0131 olmak ve kendileri olmaktan korkmadan ileti\u015fim kurmak i\u00e7in f\u0131rsat sunmak istiyoruz. Ayn\u0131 zamanda, \u00f6\u011frenme faaliyetlerini, dijital yeterlilikleri, yeti\u015fkin ve gen\u00e7lerdeki sivil yetkinlikleri te\u015fvik eden faaliyetleri desteklemeyi taahh\u00fct ediyoruz.<\/p>\n","protected":false},"excerpt":{"rendered":"<p>ASCBD, Avrupa ve ulusal programlar \u00e7er\u00e7evesinde \u00f6zellikle sosyal dayan\u0131\u015fma hedeflerini yerine getirmekte olan, gen\u00e7lere ve yeti\u015fkinlere y\u00f6nelik \u00e7e\u015fitli proje ve faaliyetlerin uygulanmas\u0131 yoluyla yeti\u015fkin ve gen\u00e7leri sosyal ya\u015fama dahil etmek amac\u0131 do\u011frultusunda e\u011fitim, g\u00f6n\u00fcll\u00fc aktivite alanlar\u0131nda faaliyet g\u00f6steren kar amac\u0131 g\u00fctmeyen bir kurulu\u015ftur. Organizasyonun amac\u0131, yeti\u015fkinler ve gen\u00e7lere y\u00f6nelik faaliyetleri ve projeleri k\u00fclt\u00fcrler aras\u0131 ve [&hellip;]<\/p>\n","protected":false},"author":1,"featured_media":0,"parent":5787,"menu_order":0,"comment_status":"closed","ping_status":"closed","template":"","meta":{"footnotes":""},"class_list":["post-5964","page","type-page","status-publish","hentry"],"_links":{"self":[{"href":"https:\/\/inspire-eu.com\/TR\/index.php\/wp-json\/wp\/v2\/pages\/5964","targetHints":{"allow":["GET"]}}],"collection":[{"href":"https:\/\/inspire-eu.com\/TR\/index.php\/wp-json\/wp\/v2\/pages"}],"about":[{"href":"https:\/\/inspire-eu.com\/TR\/index.php\/wp-json\/wp\/v2\/types\/page"}],"author":[{"embeddable":true,"href":"https:\/\/inspire-eu.com\/TR\/index.php\/wp-json\/wp\/v2\/users\/1"}],"replies":[{"embeddable":true,"href":"https:\/\/inspire-eu.com\/TR\/index.php\/wp-json\/wp\/v2\/comments?post=5964"}],"version-history":[{"count":4,"href":"https:\/\/inspire-eu.com\/TR\/index.php\/wp-json\/wp\/v2\/pages\/5964\/revisions"}],"predecessor-version":[{"id":6074,"href":"https:\/\/inspire-eu.com\/TR\/index.php\/wp-json\/wp\/v2\/pages\/5964\/revisions\/6074"}],"up":[{"embeddable":true,"href":"https:\/\/inspire-eu.com\/TR\/index.php\/wp-json\/wp\/v2\/pages\/5787"}],"wp:attachment":[{"href":"https:\/\/inspire-eu.com\/TR\/index.php\/wp-json\/wp\/v2\/media?parent=5964"}],"curies":[{"name":"wp","href":"https:\/\/api.w.org\/{rel}","templated":true}]}}