{"id":5785,"date":"2022-02-15T12:04:07","date_gmt":"2022-02-15T09:04:07","guid":{"rendered":"https:\/\/inspire-eu.com\/EN\/?page_id=5785"},"modified":"2022-02-16T19:29:52","modified_gmt":"2022-02-16T16:29:52","slug":"intellectual-outputs","status":"publish","type":"page","link":"https:\/\/inspire-eu.com\/TR\/index.php\/intellectual-outputs\/","title":{"rendered":"F\u0130KR\u0130 \u00c7IKTILAR"},"content":{"rendered":"\t\t<div data-elementor-type=\"wp-page\" data-elementor-id=\"5785\" class=\"elementor elementor-5785\" data-elementor-settings=\"[]\">\n\t\t\t\t\t\t\t<div class=\"elementor-section-wrap\">\n\t\t\t\t\t        <section class=\"elementor-section elementor-top-section elementor-element elementor-element-3936d8e elementor-section-stretched elementor-section-boxed elementor-section-height-default elementor-section-height-default ct-header-fixed-none ct-row-max-none\" data-id=\"3936d8e\" data-element_type=\"section\" data-settings=\"{&quot;stretch_section&quot;:&quot;section-stretched&quot;,&quot;background_background&quot;:&quot;classic&quot;,&quot;shape_divider_bottom&quot;:&quot;arrow&quot;}\">\n                    <div class=\"elementor-shape elementor-shape-bottom\" data-negative=\"false\">\n            <svg xmlns=\"http:\/\/www.w3.org\/2000\/svg\" viewBox=\"0 0 700 10\" preserveAspectRatio=\"none\">\n\t<path class=\"elementor-shape-fill\" d=\"M350,10L340,0h20L350,10z\"\/>\n<\/svg>        <\/div>\n        \n                        <div class=\"elementor-container elementor-column-gap-extended \">\n                    <div class=\"elementor-column elementor-col-100 elementor-top-column elementor-element elementor-element-94fed88\" data-id=\"94fed88\" data-element_type=\"column\">\n            <div class=\"elementor-widget-wrap elementor-element-populated\">\n                        \t\t<div class=\"elementor-element elementor-element-e891a4f elementor-widget elementor-widget-ct_service_grid\" data-id=\"e891a4f\" data-element_type=\"widget\" data-widget_type=\"ct_service_grid.default\">\n\t\t\t\t<div class=\"elementor-widget-container\">\n\t\t\t\r\n<div id=\"ct_service_grid-e891a4f\" class=\"ct-grid ct-service-grid2\" data-layout=\"masonry\" data-start-page=\"1\" data-max-pages=\"1\" data-total=\"5\" data-perpage=\"6\" data-next-link=\"\">\r\n    <div class=\"ct-grid-overlay\"><\/div>\r\n    \r\n    <div class=\"ct-grid-inner ct-grid-masonry row animate-time\" data-gutter=\"15\">\r\n                                                                    <div class=\"grid-item col-xl-4 col-lg-4 col-md-6 col-sm-6 col-12 \">\r\n                            <div class=\"grid-item-inner wow fadeInUp active-featured\">\r\n                                <div class=\"item--featured\">\r\n                                    <img decoding=\"async\" class=\"disable-lazy \" src=\"https:\/\/inspire-eu.com\/TR\/wp-content\/uploads\/2020\/03\/Comparative-Diagnosis-of-Social-Entrepreneurship-in-Europe-scaled-450x450.jpg\" width=\"450\" height=\"450\" alt=\"Digital increasing bar graph with businessman hand overlay\" title=\"Presenting arm isolated on beige\" \/>                                <\/div>\r\n                                <div class=\"item--meta\">\r\n                                                                            <h3 class=\"item--title\">Avrupa&#8217;da Sosyal Giri\u015fimcili\u011fin Kar\u015f\u0131la\u015ft\u0131rmal\u0131 Analizi<\/h3>\r\n                                                                    <\/div>\r\n                                <div class=\"item--holder\">\r\n                                    <div class=\"item--holder-inner\">\r\n                                                                                    <h3 class=\"item--title\">Avrupa&#8217;da Sosyal Giri\u015fimcili\u011fin Kar\u015f\u0131la\u015ft\u0131rmal\u0131 Analizi<\/h3>\r\n                                                                                                                            <div class=\"item--content\">\r\n                                                Bu fikri \u00e7\u0131kt\u0131, sosyal giri\u015fimcilik konusunda her ortak \u00fclkede y\u00fcr\u00fct\u00fclecek&hellip;                                            <\/div>\r\n                                                                                                                            <div class=\"entry-readmore\">\r\n                                                <a class=\"btn btn-default\" href=\"https:\/\/inspire-eu.com\/TR\/index.php\/service\/comparative-diagnosis-of-social-entrepreneurship-in-europe\/\">\r\n                                                    Read more                                                <\/a>\r\n                                            <\/div>\r\n                                                                            <\/div>\r\n                                <\/div>\r\n                            <\/div>\r\n                        <\/div>\r\n                                                                                  \r\n                                                                        <div class=\"grid-item col-xl-4 col-lg-4 col-md-6 col-sm-6 col-12 \">\r\n                            <div class=\"grid-item-inner wow fadeInUp active-featured\">\r\n                                <div class=\"item--featured\">\r\n                                    <img decoding=\"async\" class=\"disable-lazy \" src=\"https:\/\/inspire-eu.com\/TR\/wp-content\/uploads\/2020\/03\/meeting-discussion-450x450.jpg\" width=\"450\" height=\"450\" alt=\"meeting-discussion\" title=\"meeting-discussion\" \/>                                <\/div>\r\n                                <div class=\"item--meta\">\r\n                                                                            <h3 class=\"item--title\">Sosyal Giri\u015fimcilik Network Modeli<\/h3>\r\n                                                                    <\/div>\r\n                                <div class=\"item--holder\">\r\n                                    <div class=\"item--holder-inner\">\r\n                                                                                    <h3 class=\"item--title\">Sosyal Giri\u015fimcilik Network Modeli<\/h3>\r\n                                                                                                                            <div class=\"item--content\">\r\n                                                Bu model, ortaklar aras\u0131ndaki bilgi aktar\u0131m\u0131na dayal\u0131 olarak tasarlanacakt\u0131r. Modelin&hellip;                                            <\/div>\r\n                                                                                                                            <div class=\"entry-readmore\">\r\n                                                <a class=\"btn btn-default\" href=\"https:\/\/inspire-eu.com\/TR\/index.php\/service\/model-for-the-social-entrepreneurship-network\/\">\r\n                                                    Read more                                                <\/a>\r\n                                            <\/div>\r\n                                                                            <\/div>\r\n                                <\/div>\r\n                            <\/div>\r\n                        <\/div>\r\n                                                                                  \r\n                                                                        <div class=\"grid-item col-xl-4 col-lg-4 col-md-6 col-sm-6 col-12 \">\r\n                            <div class=\"grid-item-inner wow fadeInUp active-featured\">\r\n                                <div class=\"item--featured\">\r\n                                    <img decoding=\"async\" class=\"disable-lazy \" src=\"https:\/\/inspire-eu.com\/TR\/wp-content\/uploads\/2020\/03\/Live-HUB-scaled-450x450.jpg\" width=\"450\" height=\"450\" alt=\"Colleagues giving a fist bump\" title=\"Colleagues giving a fist bump\" \/>                                <\/div>\r\n                                <div class=\"item--meta\">\r\n                                                                            <h3 class=\"item--title\">iNSPIRE Live HUB<\/h3>\r\n                                                                    <\/div>\r\n                                <div class=\"item--holder\">\r\n                                    <div class=\"item--holder-inner\">\r\n                                                                                    <h3 class=\"item--title\">iNSPIRE Live HUB<\/h3>\r\n                                                                                                                            <div class=\"item--content\">\r\n                                                Bu \u00e7\u0131kt\u0131n\u0131n ana hedefleri aras\u0131nda network uygulamas\u0131 ve y\u00f6netimi i\u00e7in&hellip;                                            <\/div>\r\n                                                                                                                            <div class=\"entry-readmore\">\r\n                                                <a class=\"btn btn-default\" href=\"https:\/\/inspire-eu.com\/TR\/index.php\/service\/inspire-live-hub\/\">\r\n                                                    Read more                                                <\/a>\r\n                                            <\/div>\r\n                                                                            <\/div>\r\n                                <\/div>\r\n                            <\/div>\r\n                        <\/div>\r\n                                                                                  \r\n                                                                        <div class=\"grid-item col-xl-4 col-lg-4 col-md-6 col-sm-6 col-12 \">\r\n                            <div class=\"grid-item-inner wow fadeInUp active-featured\">\r\n                                <div class=\"item--featured\">\r\n                                    <img decoding=\"async\" class=\"disable-lazy \" src=\"https:\/\/inspire-eu.com\/TR\/wp-content\/uploads\/2020\/03\/update-service-01-450x450.jpg\" width=\"450\" height=\"450\" alt=\"update-service-01\" title=\"update-service-01\" \/>                                <\/div>\r\n                                <div class=\"item--meta\">\r\n                                                                            <h3 class=\"item--title\">Sosyal Giri\u015fimcili\u011fe \u0130li\u015fkin Kamu Politikas\u0131<\/h3>\r\n                                                                    <\/div>\r\n                                <div class=\"item--holder\">\r\n                                    <div class=\"item--holder-inner\">\r\n                                                                                    <h3 class=\"item--title\">Sosyal Giri\u015fimcili\u011fe \u0130li\u015fkin Kamu Politikas\u0131<\/h3>\r\n                                                                                                                            <div class=\"item--content\">\r\n                                                Kamu Politikas\u0131, AB Politika Analizine dayanacak ve Sosyal Giri\u015fimcilik Politikas\u0131&hellip;                                            <\/div>\r\n                                                                                                                            <div class=\"entry-readmore\">\r\n                                                <a class=\"btn btn-default\" href=\"https:\/\/inspire-eu.com\/TR\/index.php\/service\/public-policy-on-social-entrepreneurship\/\">\r\n                                                    Read more                                                <\/a>\r\n                                            <\/div>\r\n                                                                            <\/div>\r\n                                <\/div>\r\n                            <\/div>\r\n                        <\/div>\r\n                                                                                  \r\n                                                                                                                <div class=\"grid-item col-xl-4 col-lg-4 col-md-6 col-sm-6 col-12 \">\r\n                            <div class=\"grid-item-inner wow fadeInUp active-featured\">\r\n                                <div class=\"item--featured\">\r\n                                    <img decoding=\"async\" class=\"disable-lazy \" src=\"https:\/\/inspire-eu.com\/TR\/wp-content\/uploads\/2019\/11\/theme-06-450x450.jpg\" width=\"450\" height=\"450\" alt=\"theme-06\" title=\"theme-06\" \/>                                <\/div>\r\n                                <div class=\"item--meta\">\r\n                                                                            <h3 class=\"item--title\">INSPIRE i\u00e7in E\u011fitimler<\/h3>\r\n                                                                    <\/div>\r\n                                <div class=\"item--holder\">\r\n                                    <div class=\"item--holder-inner\">\r\n                                                                                    <h3 class=\"item--title\">INSPIRE i\u00e7in E\u011fitimler<\/h3>\r\n                                                                                                                            <div class=\"item--content\">\r\n                                                Inspire, pilot uygulama s\u00fcrecinde ortak \u00fclkelerden kat\u0131l\u0131mc\u0131larla \u0130rlanda'daki mentorlar i\u00e7in&hellip;                                            <\/div>\r\n                                                                                                                            <div class=\"entry-readmore\">\r\n                                                <a class=\"btn btn-default\" href=\"https:\/\/inspire-eu.com\/TR\/index.php\/service\/lessons-to-inspire\/\">\r\n                                                    Read more                                                <\/a>\r\n                                            <\/div>\r\n                                                                            <\/div>\r\n                                <\/div>\r\n                            <\/div>\r\n                        <\/div>\r\n                                          \r\n                                <div class=\"grid-sizer col-xl-4 col-lg-4 col-md-6 col-sm-6 col-12\"><\/div>\r\n            <\/div>\r\n        <\/div>\t\t<\/div>\n\t\t\t\t<\/div>\n\t\t            <\/div>\n        <\/div>\n                            <\/div>\n        <\/section>\n        \t\t\t\t<\/div>\n\t\t\t\t\t<\/div>\n\t\t","protected":false},"excerpt":{"rendered":"<p>Comparative Diagnosis of Social Entrepreneurship in Europe Comparative Diagnosis of Social Entrepreneurship in Europe This intellectual output is based on Needs Analysis to be&hellip; Read more Model for the Social Entrepreneurship Network Model for the Social Entrepreneurship Network This model is conceived based on the knowledge transfer among&hellip; Read more iNSPIRE Live HUB iNSPIRE Live [&hellip;]<\/p>\n","protected":false},"author":1,"featured_media":0,"parent":0,"menu_order":0,"comment_status":"closed","ping_status":"closed","template":"","meta":{"footnotes":""},"class_list":["post-5785","page","type-page","status-publish","hentry"],"_links":{"self":[{"href":"https:\/\/inspire-eu.com\/TR\/index.php\/wp-json\/wp\/v2\/pages\/5785","targetHints":{"allow":["GET"]}}],"collection":[{"href":"https:\/\/inspire-eu.com\/TR\/index.php\/wp-json\/wp\/v2\/pages"}],"about":[{"href":"https:\/\/inspire-eu.com\/TR\/index.php\/wp-json\/wp\/v2\/types\/page"}],"author":[{"embeddable":true,"href":"https:\/\/inspire-eu.com\/TR\/index.php\/wp-json\/wp\/v2\/users\/1"}],"replies":[{"embeddable":true,"href":"https:\/\/inspire-eu.com\/TR\/index.php\/wp-json\/wp\/v2\/comments?post=5785"}],"version-history":[{"count":11,"href":"https:\/\/inspire-eu.com\/TR\/index.php\/wp-json\/wp\/v2\/pages\/5785\/revisions"}],"predecessor-version":[{"id":6029,"href":"https:\/\/inspire-eu.com\/TR\/index.php\/wp-json\/wp\/v2\/pages\/5785\/revisions\/6029"}],"wp:attachment":[{"href":"https:\/\/inspire-eu.com\/TR\/index.php\/wp-json\/wp\/v2\/media?parent=5785"}],"curies":[{"name":"wp","href":"https:\/\/api.w.org\/{rel}","templated":true}]}}