{"id":26,"date":"2019-10-30T08:04:23","date_gmt":"2019-10-30T05:04:23","guid":{"rendered":"https:\/\/demo.casethemes.net\/consultio-immigration\/?page_id=26"},"modified":"2022-02-16T19:40:24","modified_gmt":"2022-02-16T16:40:24","slug":"about","status":"publish","type":"page","link":"https:\/\/inspire-eu.com\/TR\/index.php\/about\/","title":{"rendered":"HAKKINDA"},"content":{"rendered":"\t\t<div data-elementor-type=\"wp-page\" data-elementor-id=\"26\" class=\"elementor elementor-26\" data-elementor-settings=\"[]\">\n\t\t\t\t\t\t\t<div class=\"elementor-section-wrap\">\n\t\t\t\t\t        <section class=\"elementor-section elementor-top-section elementor-element elementor-element-bf4d915 elementor-section-boxed elementor-section-height-default elementor-section-height-default ct-header-fixed-none ct-row-max-none\" data-id=\"bf4d915\" data-element_type=\"section\">\n            \n                        <div class=\"elementor-container elementor-column-gap-extended \">\n                    <div class=\"elementor-column elementor-col-100 elementor-top-column elementor-element elementor-element-5282614\" data-id=\"5282614\" data-element_type=\"column\">\n            <div class=\"elementor-widget-wrap elementor-element-populated\">\n                        \t\t<div class=\"elementor-element elementor-element-9d091b6 elementor-widget elementor-widget-ct_heading\" data-id=\"9d091b6\" data-element_type=\"widget\" data-widget_type=\"ct_heading.default\">\n\t\t\t\t<div class=\"elementor-widget-container\">\n\t\t\t<div class=\"ct-heading h-align-  sub- ct-heading-left item-st-line-left1\">\r\n\t    <h3 class=\"item--title st-line-left1 \" data-wow-delay=\"ms\">\r\n                <span class=\"sp-main\">\r\n                            <i><\/i>\r\n            \r\n            Erasmus+ KA220-VET (Mesleki E\u011fitim ve \u00d6\u011fretimde \u0130\u015fbirli\u011fi Ortakl\u0131klar\u0131 Program\u0131) \r\n            \r\n                    <\/span>\r\n            <\/h3>\r\n<\/div>\t\t<\/div>\n\t\t\t\t<\/div>\n\t\t        <section class=\"elementor-section elementor-inner-section elementor-element elementor-element-6b326e2 elementor-section-boxed elementor-section-height-default elementor-section-height-default ct-header-fixed-none ct-row-max-none\" data-id=\"6b326e2\" data-element_type=\"section\">\n            \n                        <div class=\"elementor-container elementor-column-gap-extended \">\n                    <div class=\"elementor-column elementor-col-100 elementor-inner-column elementor-element elementor-element-71555f1\" data-id=\"71555f1\" data-element_type=\"column\">\n            <div class=\"elementor-widget-wrap elementor-element-populated\">\n                        \t\t<div class=\"elementor-element elementor-element-176c3a2 elementor-widget elementor-widget-text-editor\" data-id=\"176c3a2\" data-element_type=\"widget\" data-widget_type=\"text-editor.default\">\n\t\t\t\t<div class=\"elementor-widget-container\">\n\t\t\t<style>\/*! elementor - v3.5.5 - 03-02-2022 *\/\n.elementor-widget-text-editor.elementor-drop-cap-view-stacked .elementor-drop-cap{background-color:#818a91;color:#fff}.elementor-widget-text-editor.elementor-drop-cap-view-framed .elementor-drop-cap{color:#818a91;border:3px solid;background-color:transparent}.elementor-widget-text-editor:not(.elementor-drop-cap-view-default) .elementor-drop-cap{margin-top:8px}.elementor-widget-text-editor:not(.elementor-drop-cap-view-default) .elementor-drop-cap-letter{width:1em;height:1em}.elementor-widget-text-editor .elementor-drop-cap{float:left;text-align:center;line-height:1;font-size:50px}.elementor-widget-text-editor .elementor-drop-cap-letter{display:inline-block}<\/style>\t\t\t\t<p>Erasmus+ KA220-VET (Mesleki E\u011fitim ve \u00d6\u011fretimde \u0130\u015fbirli\u011fi Ortakl\u0131klar\u0131 Program\u0131) kapsam\u0131nda kabul edilen INSPIRE, Sosyal Giri\u015fimciler A\u011f\u0131\u00a0 projesi <strong>(2021-1-FR01-KA220-VET-000034853) <\/strong>1 Kas\u0131m 2021 tarihinde ba\u015flam\u0131\u015ft\u0131r. Projenin amac\u0131; i\u015fg\u00fcc\u00fc piyasalar\u0131n\u0131n COVID-19 salg\u0131n\u0131 s\u0131ras\u0131nda kar\u015f\u0131 kar\u015f\u0131ya oldu\u011fu ve gelecekte olabilecek benzer zorluklar kar\u015f\u0131s\u0131nda gen\u00e7 giri\u015fimcilerin de\u011fi\u015fimlere yan\u0131t verme kapasitesini geli\u015ftirmek ve g\u00fc\u00e7lendirmektir.<\/p><p>iNSPIRE, bir\u00e7ok Avrupa \u00fclkesinde (T\u00fcrkiye, Portekiz, \u0130rlanda, Fransa, Bel\u00e7ika) sosyal giri\u015fimcilik a\u011f\u0131n\u0131n geli\u015ftirilmesini ama\u00e7layarak, resmi ve gayri resmi \u00f6\u011frenme ortam\u0131ndan \u00f6\u011frenilip gelecekte aktar\u0131labilecek derslerin tan\u0131mlanmas\u0131na dayal\u0131 olan ilham verici, \u00f6\u011fretici stajyerlik s\u00fcre\u00e7leri geli\u015ftirecek bir \u00f6\u011frenme merkezi (Inspire Live Hub) olu\u015fturmaktad\u0131r.<\/p><p>\u0130rlanda ve Bel\u00e7ika, sosyal giri\u015fimcilikte halihaz\u0131rda kayda de\u011fer ve \u00f6nemli bir ge\u00e7mi\u015fe sahip oldu\u011fu i\u00e7in Avrupa sosyal k\u00fcmesini desteklemek ve geli\u015ftirmek i\u00e7in g\u00fc\u00e7l\u00fc, faydal\u0131 bir ortakl\u0131k olu\u015fturulmas\u0131na katk\u0131s\u0131 sa\u011flayacakt\u0131r. \u0130rlanda ve Bel\u00e7ika&#8217;dan gelen bilgiler, sosyal giri\u015fimcili\u011fin istihdam art\u0131\u015f\u0131 i\u00e7in b\u00fcy\u00fck bir potansiyel oldu\u011funu g\u00f6stermektedir.<\/p><p>Bu proje, sosyal giri\u015fimcilerin becerilerini geli\u015ftirmeyi ve sosyal giri\u015fim olu\u015fturma potansiyelini artt\u0131rmay\u0131 ama\u00e7lamaktad\u0131r. Bu nedenle, k\u00e2r amac\u0131 g\u00fctmeyen dernekler, \u00fcniversiteler, e\u011fitim merkezleri, sosyal inovasyon kurulu\u015flar\u0131, ara\u015ft\u0131rma merkezleri ve hatta kamu kurulu\u015flar\u0131 da dahil olmak \u00fczere farkl\u0131 payda\u015flar\u0131 diyalog ve i\u015fbirli\u011fi i\u00e7inde devreye sokmaya yard\u0131mc\u0131 olacakt\u0131r.<\/p><p>Association Culturelle des Jeunes Turcs de Bar le Duc (FRANCE) taraf\u0131ndan koordine edilen projenin di\u011fer ortaklar\u0131 ise \u015funlard\u0131r:<\/p><p>*Workplace Innovation Europe CLG (IRELAND)<\/p><p>*Innovative Thinking Lab (TURKEY)<\/p><p>*Instituto Universitario de Lisboa (PORTUGAL)<\/p><p>*Voices of the World (BELGIUM)<\/p>\t\t\t\t\t\t<\/div>\n\t\t\t\t<\/div>\n\t\t            <\/div>\n        <\/div>\n                            <\/div>\n        <\/section>\n                    <\/div>\n        <\/div>\n                            <\/div>\n        <\/section>\n        \t\t\t\t<\/div>\n\t\t\t\t\t<\/div>\n\t\t","protected":false},"excerpt":{"rendered":"<p>Erasmus+ KA220-VET (Mesleki E\u011fitim ve \u00d6\u011fretimde \u0130\u015fbirli\u011fi Ortakl\u0131klar\u0131 Program\u0131) Erasmus+ KA220-VET (Mesleki E\u011fitim ve \u00d6\u011fretimde \u0130\u015fbirli\u011fi Ortakl\u0131klar\u0131 Program\u0131) kapsam\u0131nda kabul edilen INSPIRE, Sosyal Giri\u015fimciler A\u011f\u0131\u00a0 projesi (2021-1-FR01-KA220-VET-000034853) 1 Kas\u0131m 2021 tarihinde ba\u015flam\u0131\u015ft\u0131r. Projenin amac\u0131; i\u015fg\u00fcc\u00fc piyasalar\u0131n\u0131n COVID-19 salg\u0131n\u0131 s\u0131ras\u0131nda kar\u015f\u0131 kar\u015f\u0131ya oldu\u011fu ve gelecekte olabilecek benzer zorluklar kar\u015f\u0131s\u0131nda gen\u00e7 giri\u015fimcilerin de\u011fi\u015fimlere yan\u0131t verme kapasitesini geli\u015ftirmek [&hellip;]<\/p>\n","protected":false},"author":1,"featured_media":0,"parent":0,"menu_order":0,"comment_status":"closed","ping_status":"closed","template":"","meta":{"footnotes":""},"class_list":["post-26","page","type-page","status-publish","hentry"],"_links":{"self":[{"href":"https:\/\/inspire-eu.com\/TR\/index.php\/wp-json\/wp\/v2\/pages\/26","targetHints":{"allow":["GET"]}}],"collection":[{"href":"https:\/\/inspire-eu.com\/TR\/index.php\/wp-json\/wp\/v2\/pages"}],"about":[{"href":"https:\/\/inspire-eu.com\/TR\/index.php\/wp-json\/wp\/v2\/types\/page"}],"author":[{"embeddable":true,"href":"https:\/\/inspire-eu.com\/TR\/index.php\/wp-json\/wp\/v2\/users\/1"}],"replies":[{"embeddable":true,"href":"https:\/\/inspire-eu.com\/TR\/index.php\/wp-json\/wp\/v2\/comments?post=26"}],"version-history":[{"count":11,"href":"https:\/\/inspire-eu.com\/TR\/index.php\/wp-json\/wp\/v2\/pages\/26\/revisions"}],"predecessor-version":[{"id":6069,"href":"https:\/\/inspire-eu.com\/TR\/index.php\/wp-json\/wp\/v2\/pages\/26\/revisions\/6069"}],"wp:attachment":[{"href":"https:\/\/inspire-eu.com\/TR\/index.php\/wp-json\/wp\/v2\/media?parent=26"}],"curies":[{"name":"wp","href":"https:\/\/api.w.org\/{rel}","templated":true}]}}