{"id":6097,"date":"2022-02-18T11:12:41","date_gmt":"2022-02-18T08:12:41","guid":{"rendered":"https:\/\/inspire-eu.com\/PT\/?page_id=6097"},"modified":"2022-02-18T11:12:41","modified_gmt":"2022-02-18T08:12:41","slug":"istasyontedu","status":"publish","type":"page","link":"https:\/\/inspire-eu.com\/PT\/index.php\/partners\/istasyontedu\/","title":{"rendered":"\u0130stasyonTEDU"},"content":{"rendered":"<p>\u0130stasyonTEDU &#8211; TED University Center for Social Innovation, criado a 8 de Abril de 2016, \u00e9 um espa\u00e7o de co-produ\u00e7\u00e3o multifuncional, contribuindo para o desenvolvimento da inova\u00e7\u00e3o social e ecossistemas de empreendedorismo social, para apoiar o refor\u00e7o da intera\u00e7\u00e3o universidade-sociedade, e para aproximar os atores orientados para os benef\u00edcios sociais. \u0130stasyonTEDU oferece apoio n\u00e3o financeiro a empreendedores sociais e inovadores sociais; realiza atividades intermedi\u00e1rias que refor\u00e7am e unificam o ecossistema atrav\u00e9s da realiza\u00e7\u00e3o de forma\u00e7\u00f5es, consultoria, eventos, estudos de di\u00e1logo p\u00fablico e projetos de investiga\u00e7\u00e3o aplicada.<\/p>\n","protected":false},"excerpt":{"rendered":"<p>\u0130stasyonTEDU &#8211; TED University Center for Social Innovation, criado a 8 de Abril de 2016, \u00e9 um espa\u00e7o de co-produ\u00e7\u00e3o multifuncional, contribuindo para o desenvolvimento da inova\u00e7\u00e3o social e ecossistemas de empreendedorismo social, para apoiar o refor\u00e7o da intera\u00e7\u00e3o universidade-sociedade, e para aproximar os atores orientados para os benef\u00edcios sociais. \u0130stasyonTEDU oferece apoio n\u00e3o financeiro [&hellip;]<\/p>\n","protected":false},"author":1,"featured_media":0,"parent":5787,"menu_order":0,"comment_status":"closed","ping_status":"closed","template":"","meta":{"footnotes":""},"class_list":["post-6097","page","type-page","status-publish","hentry"],"_links":{"self":[{"href":"https:\/\/inspire-eu.com\/PT\/index.php\/wp-json\/wp\/v2\/pages\/6097","targetHints":{"allow":["GET"]}}],"collection":[{"href":"https:\/\/inspire-eu.com\/PT\/index.php\/wp-json\/wp\/v2\/pages"}],"about":[{"href":"https:\/\/inspire-eu.com\/PT\/index.php\/wp-json\/wp\/v2\/types\/page"}],"author":[{"embeddable":true,"href":"https:\/\/inspire-eu.com\/PT\/index.php\/wp-json\/wp\/v2\/users\/1"}],"replies":[{"embeddable":true,"href":"https:\/\/inspire-eu.com\/PT\/index.php\/wp-json\/wp\/v2\/comments?post=6097"}],"version-history":[{"count":1,"href":"https:\/\/inspire-eu.com\/PT\/index.php\/wp-json\/wp\/v2\/pages\/6097\/revisions"}],"predecessor-version":[{"id":6098,"href":"https:\/\/inspire-eu.com\/PT\/index.php\/wp-json\/wp\/v2\/pages\/6097\/revisions\/6098"}],"up":[{"embeddable":true,"href":"https:\/\/inspire-eu.com\/PT\/index.php\/wp-json\/wp\/v2\/pages\/5787"}],"wp:attachment":[{"href":"https:\/\/inspire-eu.com\/PT\/index.php\/wp-json\/wp\/v2\/media?parent=6097"}],"curies":[{"name":"wp","href":"https:\/\/api.w.org\/{rel}","templated":true}]}}