{"id":5972,"date":"2022-02-16T12:26:52","date_gmt":"2022-02-16T09:26:52","guid":{"rendered":"https:\/\/inspire-eu.com\/EN\/?page_id=5972"},"modified":"2022-02-16T14:28:28","modified_gmt":"2022-02-16T11:28:28","slug":"ireland","status":"publish","type":"page","link":"https:\/\/inspire-eu.com\/PT\/index.php\/partners\/ireland\/","title":{"rendered":"Irlanda"},"content":{"rendered":"<p>Workplace Innovation Europe \u00e9 uma organiza\u00e7\u00e3o internacional sem fins lucrativos na Irlanda, criada para promover formas melhores, mais produtivas e mais saud\u00e1veis de trabalhar atrav\u00e9s da investiga\u00e7\u00e3o, divulga\u00e7\u00e3o, defesa de pol\u00edticas e consultoria. A equipa da WIE \u00e9 especializada em inova\u00e7\u00e3o no local de trabalho, rela\u00e7\u00f5es laborais, utiliza\u00e7\u00e3o e desenvolvimento de compet\u00eancias, desenvolvimento econ\u00f3mico, pol\u00edtica p\u00fablica, meios de comunica\u00e7\u00e3o e comunica\u00e7\u00f5es. A organiza\u00e7\u00e3o criou ferramentas e recursos que recorrem \u00e0 investiga\u00e7\u00e3o internacional para fornecer os conhecimentos pr\u00e1ticos necess\u00e1rios no local de trabalho; e destacou o papel dos sindicatos e organiza\u00e7\u00f5es patronais como &#8220;participantes conhecedores&#8221; na inova\u00e7\u00e3o no local de trabalho.<\/p>\n","protected":false},"excerpt":{"rendered":"<p>Workplace Innovation Europe \u00e9 uma organiza\u00e7\u00e3o internacional sem fins lucrativos na Irlanda, criada para promover formas melhores, mais produtivas e mais saud\u00e1veis de trabalhar atrav\u00e9s da investiga\u00e7\u00e3o, divulga\u00e7\u00e3o, defesa de pol\u00edticas e consultoria. A equipa da WIE \u00e9 especializada em inova\u00e7\u00e3o no local de trabalho, rela\u00e7\u00f5es laborais, utiliza\u00e7\u00e3o e desenvolvimento de compet\u00eancias, desenvolvimento econ\u00f3mico, pol\u00edtica [&hellip;]<\/p>\n","protected":false},"author":1,"featured_media":0,"parent":5787,"menu_order":0,"comment_status":"closed","ping_status":"closed","template":"","meta":{"footnotes":""},"class_list":["post-5972","page","type-page","status-publish","hentry"],"_links":{"self":[{"href":"https:\/\/inspire-eu.com\/PT\/index.php\/wp-json\/wp\/v2\/pages\/5972","targetHints":{"allow":["GET"]}}],"collection":[{"href":"https:\/\/inspire-eu.com\/PT\/index.php\/wp-json\/wp\/v2\/pages"}],"about":[{"href":"https:\/\/inspire-eu.com\/PT\/index.php\/wp-json\/wp\/v2\/types\/page"}],"author":[{"embeddable":true,"href":"https:\/\/inspire-eu.com\/PT\/index.php\/wp-json\/wp\/v2\/users\/1"}],"replies":[{"embeddable":true,"href":"https:\/\/inspire-eu.com\/PT\/index.php\/wp-json\/wp\/v2\/comments?post=5972"}],"version-history":[{"count":3,"href":"https:\/\/inspire-eu.com\/PT\/index.php\/wp-json\/wp\/v2\/pages\/5972\/revisions"}],"predecessor-version":[{"id":6063,"href":"https:\/\/inspire-eu.com\/PT\/index.php\/wp-json\/wp\/v2\/pages\/5972\/revisions\/6063"}],"up":[{"embeddable":true,"href":"https:\/\/inspire-eu.com\/PT\/index.php\/wp-json\/wp\/v2\/pages\/5787"}],"wp:attachment":[{"href":"https:\/\/inspire-eu.com\/PT\/index.php\/wp-json\/wp\/v2\/media?parent=5972"}],"curies":[{"name":"wp","href":"https:\/\/api.w.org\/{rel}","templated":true}]}}