{"id":5970,"date":"2022-02-16T12:23:26","date_gmt":"2022-02-16T09:23:26","guid":{"rendered":"https:\/\/inspire-eu.com\/EN\/?page_id=5970"},"modified":"2022-02-16T14:28:15","modified_gmt":"2022-02-16T11:28:15","slug":"portugal","status":"publish","type":"page","link":"https:\/\/inspire-eu.com\/PT\/index.php\/partners\/portugal\/","title":{"rendered":"Portugal"},"content":{"rendered":"<p>Iscte (www.iscte.pt) \u00e9 uma universidade p\u00fablica criada em 1972. A Iscte \u00e9 uma universidade p\u00fablica de alta qualidade distinguida pela sua for\u00e7a nos estudos de p\u00f3s-gradua\u00e7\u00e3o e investiga\u00e7\u00e3o cient\u00edfica. Acolhe aproximadamente 9000 estudantes nos programas de gradua\u00e7\u00e3o e p\u00f3s-gradua\u00e7\u00e3o das suas 4 escolas: Iscte Business School, a Escola de Sociologia e Pol\u00edticas P\u00fablicas, a Escola de Tecnologia e Arquitectura e a Escola de Ci\u00eancias Sociais e Humanas. A universidade est\u00e1 tamb\u00e9m activamente envolvida em projectos de colabora\u00e7\u00e3o, redes e parcerias em todo o mundo, incluindo uma s\u00e9rie de programas de educa\u00e7\u00e3o, forma\u00e7\u00e3o e investiga\u00e7\u00e3o apoiados pela Uni\u00e3o Europeia. A Iscte estabeleceu uma coopera\u00e7\u00e3o (inter)nacional com um grande n\u00famero de universidades, institutos de investiga\u00e7\u00e3o e organiza\u00e7\u00f5es p\u00fablicas, privadas e do 3\u00ba sector. Tem uma forte liga\u00e7\u00e3o e impacto na ci\u00eancia, na economia, e na sociedade.<\/p>\n","protected":false},"excerpt":{"rendered":"<p>Iscte (www.iscte.pt) \u00e9 uma universidade p\u00fablica criada em 1972. A Iscte \u00e9 uma universidade p\u00fablica de alta qualidade distinguida pela sua for\u00e7a nos estudos de p\u00f3s-gradua\u00e7\u00e3o e investiga\u00e7\u00e3o cient\u00edfica. Acolhe aproximadamente 9000 estudantes nos programas de gradua\u00e7\u00e3o e p\u00f3s-gradua\u00e7\u00e3o das suas 4 escolas: Iscte Business School, a Escola de Sociologia e Pol\u00edticas P\u00fablicas, a Escola [&hellip;]<\/p>\n","protected":false},"author":1,"featured_media":0,"parent":5787,"menu_order":0,"comment_status":"closed","ping_status":"closed","template":"","meta":{"footnotes":""},"class_list":["post-5970","page","type-page","status-publish","hentry"],"_links":{"self":[{"href":"https:\/\/inspire-eu.com\/PT\/index.php\/wp-json\/wp\/v2\/pages\/5970","targetHints":{"allow":["GET"]}}],"collection":[{"href":"https:\/\/inspire-eu.com\/PT\/index.php\/wp-json\/wp\/v2\/pages"}],"about":[{"href":"https:\/\/inspire-eu.com\/PT\/index.php\/wp-json\/wp\/v2\/types\/page"}],"author":[{"embeddable":true,"href":"https:\/\/inspire-eu.com\/PT\/index.php\/wp-json\/wp\/v2\/users\/1"}],"replies":[{"embeddable":true,"href":"https:\/\/inspire-eu.com\/PT\/index.php\/wp-json\/wp\/v2\/comments?post=5970"}],"version-history":[{"count":2,"href":"https:\/\/inspire-eu.com\/PT\/index.php\/wp-json\/wp\/v2\/pages\/5970\/revisions"}],"predecessor-version":[{"id":6066,"href":"https:\/\/inspire-eu.com\/PT\/index.php\/wp-json\/wp\/v2\/pages\/5970\/revisions\/6066"}],"up":[{"embeddable":true,"href":"https:\/\/inspire-eu.com\/PT\/index.php\/wp-json\/wp\/v2\/pages\/5787"}],"wp:attachment":[{"href":"https:\/\/inspire-eu.com\/PT\/index.php\/wp-json\/wp\/v2\/media?parent=5970"}],"curies":[{"name":"wp","href":"https:\/\/api.w.org\/{rel}","templated":true}]}}