{"id":5968,"date":"2022-02-16T12:22:45","date_gmt":"2022-02-16T09:22:45","guid":{"rendered":"https:\/\/inspire-eu.com\/EN\/?page_id=5968"},"modified":"2022-02-16T14:28:02","modified_gmt":"2022-02-16T11:28:02","slug":"belgium","status":"publish","type":"page","link":"https:\/\/inspire-eu.com\/PT\/index.php\/partners\/belgium\/","title":{"rendered":"B\u00e9lgica"},"content":{"rendered":"<p>Voices of the World \u00e9 uma organiza\u00e7\u00e3o sem fins lucrativos sediada em Bruxelas, B\u00e9lgica. VOW trabalha na implementa\u00e7\u00e3o de projectos regionais, nacionais, europeus e internacionais de coes\u00e3o social, diversidade e integra\u00e7\u00e3o, um quadro educativo comum europeu, empreendedorismo, e Edtech. Colabora com outras ONGs internacionais interessadas, centros educacionais e de investiga\u00e7\u00e3o, e empresas para alcan\u00e7ar os seus objectivos. VOW promove o envolvimento dos jovens na elabora\u00e7\u00e3o de pol\u00edticas a n\u00edvel local, nacional e da UE, fornece forma\u00e7\u00e3o em literacia digital: Codifica\u00e7\u00e3o, algoritmos, design gr\u00e1fico, comunica\u00e7\u00f5es e educa\u00e7\u00e3o em linha; educa e encoraja o envolvimento dos jovens na defesa da sustentabilidade ambiental e da ecologiza\u00e7\u00e3o. A VOW utiliza uma abordagem comunit\u00e1ria para combater a lacuna educacional formal ou informal que existe para todos os grupos et\u00e1rios. Com a ajuda de investigadores, educadores e trabalhadores juvenis. O seu objectivo \u00e9 criar solu\u00e7\u00f5es sustent\u00e1veis para as lacunas sociais e econ\u00f3micas. Organiza frequentemente atividades socioculturais em colabora\u00e7\u00e3o com o estado flamengo de Bruxelas para promover a coes\u00e3o social regional e a integra\u00e7\u00e3o dos migrantes, e fornece forma\u00e7\u00e3o e orienta\u00e7\u00e3o de integra\u00e7\u00e3o aos refugiados e migrantes. A VOW tem vindo a estabelecer parcerias e a coordenar projectos Erasmus+ desde 2018.<\/p>\n","protected":false},"excerpt":{"rendered":"<p>Voices of the World \u00e9 uma organiza\u00e7\u00e3o sem fins lucrativos sediada em Bruxelas, B\u00e9lgica. VOW trabalha na implementa\u00e7\u00e3o de projectos regionais, nacionais, europeus e internacionais de coes\u00e3o social, diversidade e integra\u00e7\u00e3o, um quadro educativo comum europeu, empreendedorismo, e Edtech. Colabora com outras ONGs internacionais interessadas, centros educacionais e de investiga\u00e7\u00e3o, e empresas para alcan\u00e7ar os [&hellip;]<\/p>\n","protected":false},"author":1,"featured_media":0,"parent":5787,"menu_order":0,"comment_status":"closed","ping_status":"closed","template":"","meta":{"footnotes":""},"class_list":["post-5968","page","type-page","status-publish","hentry"],"_links":{"self":[{"href":"https:\/\/inspire-eu.com\/PT\/index.php\/wp-json\/wp\/v2\/pages\/5968","targetHints":{"allow":["GET"]}}],"collection":[{"href":"https:\/\/inspire-eu.com\/PT\/index.php\/wp-json\/wp\/v2\/pages"}],"about":[{"href":"https:\/\/inspire-eu.com\/PT\/index.php\/wp-json\/wp\/v2\/types\/page"}],"author":[{"embeddable":true,"href":"https:\/\/inspire-eu.com\/PT\/index.php\/wp-json\/wp\/v2\/users\/1"}],"replies":[{"embeddable":true,"href":"https:\/\/inspire-eu.com\/PT\/index.php\/wp-json\/wp\/v2\/comments?post=5968"}],"version-history":[{"count":3,"href":"https:\/\/inspire-eu.com\/PT\/index.php\/wp-json\/wp\/v2\/pages\/5968\/revisions"}],"predecessor-version":[{"id":6065,"href":"https:\/\/inspire-eu.com\/PT\/index.php\/wp-json\/wp\/v2\/pages\/5968\/revisions\/6065"}],"up":[{"embeddable":true,"href":"https:\/\/inspire-eu.com\/PT\/index.php\/wp-json\/wp\/v2\/pages\/5787"}],"wp:attachment":[{"href":"https:\/\/inspire-eu.com\/PT\/index.php\/wp-json\/wp\/v2\/media?parent=5968"}],"curies":[{"name":"wp","href":"https:\/\/api.w.org\/{rel}","templated":true}]}}