{"id":5966,"date":"2022-02-16T12:21:30","date_gmt":"2022-02-16T09:21:30","guid":{"rendered":"https:\/\/inspire-eu.com\/EN\/?page_id=5966"},"modified":"2022-02-16T14:27:33","modified_gmt":"2022-02-16T11:27:33","slug":"turkey","status":"publish","type":"page","link":"https:\/\/inspire-eu.com\/PT\/index.php\/partners\/turkey\/","title":{"rendered":"Turquia"},"content":{"rendered":"<p>A Associa\u00e7\u00e3o do Pensamento Inovador, fundada ao dar prioridade aos objectivos do &#8220;Desenvolvimento Sustent\u00e1vel&#8221;, para apoiar a cria\u00e7\u00e3o de ecossistemas na &#8220;exist\u00eancia&#8221; e processos de desenvolvimento de indiv\u00edduos e comunidades no mundo globalizado e produzir uma influ\u00eancia inovadora nos sistemas de pensamento. A fim de combater quest\u00f5es cr\u00edticas como a pobreza, migra\u00e7\u00e3o, desemprego juvenil, exclus\u00e3o social, altera\u00e7\u00f5es clim\u00e1ticas e problemas ambientais, pretende desenvolver mecanismos e pol\u00edticas que reforcem o desenvolvimento de compet\u00eancias do s\u00e9culo XXI como o pensamento anal\u00edtico, criatividade, inova\u00e7\u00e3o, compet\u00eancias digitais, e resolu\u00e7\u00e3o de problemas a n\u00edvel local e nacional. Com uma abordagem hol\u00edstica e um ambiente de trabalho\/aprendizagem multicultural, a associa\u00e7\u00e3o realiza forma\u00e7\u00e3o e projectos adoptando uma lente de pensamento inovadora e orientada para o design para satisfazer todas as necessidades dos tempos modernos, desde as individuais \u00e0s organizacionais, em coordena\u00e7\u00e3o com uma rede profissional nacional e internacional. A ITA desenvolve o programa e os m\u00f3dulos de forma\u00e7\u00e3o para prestar aten\u00e7\u00e3o a quest\u00f5es globais: pensamento cr\u00edtico, pensamento de concep\u00e7\u00e3o, aprendizagem baseada no jogo, ferramentas de forma\u00e7\u00e3o ambiental, narra\u00e7\u00e3o digital de hist\u00f3rias com promo\u00e7\u00e3o de metodologia de aprendizagem n\u00e3o formal.<\/p>\n","protected":false},"excerpt":{"rendered":"<p>A Associa\u00e7\u00e3o do Pensamento Inovador, fundada ao dar prioridade aos objectivos do &#8220;Desenvolvimento Sustent\u00e1vel&#8221;, para apoiar a cria\u00e7\u00e3o de ecossistemas na &#8220;exist\u00eancia&#8221; e processos de desenvolvimento de indiv\u00edduos e comunidades no mundo globalizado e produzir uma influ\u00eancia inovadora nos sistemas de pensamento. A fim de combater quest\u00f5es cr\u00edticas como a pobreza, migra\u00e7\u00e3o, desemprego juvenil, exclus\u00e3o [&hellip;]<\/p>\n","protected":false},"author":1,"featured_media":0,"parent":5787,"menu_order":0,"comment_status":"closed","ping_status":"closed","template":"","meta":{"footnotes":""},"class_list":["post-5966","page","type-page","status-publish","hentry"],"_links":{"self":[{"href":"https:\/\/inspire-eu.com\/PT\/index.php\/wp-json\/wp\/v2\/pages\/5966","targetHints":{"allow":["GET"]}}],"collection":[{"href":"https:\/\/inspire-eu.com\/PT\/index.php\/wp-json\/wp\/v2\/pages"}],"about":[{"href":"https:\/\/inspire-eu.com\/PT\/index.php\/wp-json\/wp\/v2\/types\/page"}],"author":[{"embeddable":true,"href":"https:\/\/inspire-eu.com\/PT\/index.php\/wp-json\/wp\/v2\/users\/1"}],"replies":[{"embeddable":true,"href":"https:\/\/inspire-eu.com\/PT\/index.php\/wp-json\/wp\/v2\/comments?post=5966"}],"version-history":[{"count":3,"href":"https:\/\/inspire-eu.com\/PT\/index.php\/wp-json\/wp\/v2\/pages\/5966\/revisions"}],"predecessor-version":[{"id":6064,"href":"https:\/\/inspire-eu.com\/PT\/index.php\/wp-json\/wp\/v2\/pages\/5966\/revisions\/6064"}],"up":[{"embeddable":true,"href":"https:\/\/inspire-eu.com\/PT\/index.php\/wp-json\/wp\/v2\/pages\/5787"}],"wp:attachment":[{"href":"https:\/\/inspire-eu.com\/PT\/index.php\/wp-json\/wp\/v2\/media?parent=5966"}],"curies":[{"name":"wp","href":"https:\/\/api.w.org\/{rel}","templated":true}]}}