{"id":5792,"date":"2022-02-15T12:04:56","date_gmt":"2022-02-15T09:04:56","guid":{"rendered":"https:\/\/inspire-eu.com\/EN\/?page_id=5792"},"modified":"2022-02-18T11:10:47","modified_gmt":"2022-02-18T08:10:47","slug":"events","status":"publish","type":"page","link":"https:\/\/inspire-eu.com\/PT\/index.php\/events\/","title":{"rendered":"EVENTOS"},"content":{"rendered":"\t\t<div data-elementor-type=\"wp-page\" data-elementor-id=\"5792\" class=\"elementor elementor-5792\" data-elementor-settings=\"[]\">\n\t\t\t\t\t\t\t<div class=\"elementor-section-wrap\">\n\t\t\t\t\t        <section class=\"elementor-section elementor-top-section elementor-element elementor-element-4e53280 elementor-section-boxed elementor-section-height-default elementor-section-height-default ct-header-fixed-none ct-row-max-none\" data-id=\"4e53280\" data-element_type=\"section\">\n            \n                        <div class=\"elementor-container elementor-column-gap-default \">\n                    <div class=\"elementor-column elementor-col-100 elementor-top-column elementor-element elementor-element-26c7b95\" data-id=\"26c7b95\" data-element_type=\"column\">\n            <div class=\"elementor-widget-wrap elementor-element-populated\">\n                        \t\t<div class=\"elementor-element elementor-element-ed71f3b elementor-widget elementor-widget-ct_service_grid\" data-id=\"ed71f3b\" data-element_type=\"widget\" data-widget_type=\"ct_service_grid.default\">\n\t\t\t\t<div class=\"elementor-widget-container\">\n\t\t\t\r\n<div id=\"ct_service_grid-ed71f3b\" class=\"ct-grid ct-service-grid2\" data-layout=\"masonry\" data-start-page=\"1\" data-max-pages=\"1\" data-total=\"4\" data-perpage=\"8\" data-next-link=\"\">\r\n    <div class=\"ct-grid-overlay\"><\/div>\r\n    \r\n    <div class=\"ct-grid-inner ct-grid-masonry row animate-time\" data-gutter=\"15\">\r\n                                                                    <div class=\"grid-item col-xl-3 col-lg-3 col-md-4 col-sm-6 col-12 \">\r\n                            <div class=\"grid-item-inner  active-featured\">\r\n                                <div class=\"item--featured\">\r\n                                    <img decoding=\"async\" class=\"disable-lazy \" src=\"https:\/\/inspire-eu.com\/PT\/wp-content\/uploads\/2019\/12\/corporate-portfolio5-450x450.jpg\" width=\"450\" height=\"450\" alt=\"corporate-portfolio5\" title=\"corporate-portfolio5\" \/>                                <\/div>\r\n                                <div class=\"item--meta\">\r\n                                                                            <h3 class=\"item--title\">Desenvolvimento de compet\u00eancias<\/h3>\r\n                                                                    <\/div>\r\n                                <div class=\"item--holder\">\r\n                                    <div class=\"item--holder-inner\">\r\n                                                                                    <h3 class=\"item--title\">Desenvolvimento de compet\u00eancias<\/h3>\r\n                                                                                                                                                                    <div class=\"entry-readmore\">\r\n                                                <a class=\"btn btn-default\" href=\"https:\/\/inspire-eu.com\/PT\/index.php\/service\/skills-development\/\">\r\n                                                    Read more                                                <\/a>\r\n                                            <\/div>\r\n                                                                            <\/div>\r\n                                <\/div>\r\n                            <\/div>\r\n                        <\/div>\r\n                                                                                  \r\n                                                                        <div class=\"grid-item col-xl-3 col-lg-3 col-md-4 col-sm-6 col-12 \">\r\n                            <div class=\"grid-item-inner  active-featured\">\r\n                                <div class=\"item--featured\">\r\n                                    <img decoding=\"async\" class=\"disable-lazy \" src=\"https:\/\/inspire-eu.com\/PT\/wp-content\/uploads\/2019\/12\/corporate-portfolio3-450x450.jpg\" width=\"450\" height=\"450\" alt=\"corporate-portfolio3\" title=\"corporate-portfolio3\" \/>                                <\/div>\r\n                                <div class=\"item--meta\">\r\n                                                                            <h3 class=\"item--title\">Portf\u00f3lio de aprendizagem ao vivo<\/h3>\r\n                                                                    <\/div>\r\n                                <div class=\"item--holder\">\r\n                                    <div class=\"item--holder-inner\">\r\n                                                                                    <h3 class=\"item--title\">Portf\u00f3lio de aprendizagem ao vivo<\/h3>\r\n                                                                                                                                                                    <div class=\"entry-readmore\">\r\n                                                <a class=\"btn btn-default\" href=\"https:\/\/inspire-eu.com\/PT\/index.php\/service\/live-learning-portfolio\/\">\r\n                                                    Read more                                                <\/a>\r\n                                            <\/div>\r\n                                                                            <\/div>\r\n                                <\/div>\r\n                            <\/div>\r\n                        <\/div>\r\n                                                                                  \r\n                                                                        <div class=\"grid-item col-xl-3 col-lg-3 col-md-4 col-sm-6 col-12 \">\r\n                            <div class=\"grid-item-inner  active-featured\">\r\n                                <div class=\"item--featured\">\r\n                                    <img decoding=\"async\" class=\"disable-lazy \" src=\"https:\/\/inspire-eu.com\/PT\/wp-content\/uploads\/2022\/02\/Social-Entrepreneurship-Network-scaled-450x450.jpg\" width=\"450\" height=\"450\" alt=\"Business people shaking hands for greeting\" title=\"Business people shaking hands for greeting\" \/>                                <\/div>\r\n                                <div class=\"item--meta\">\r\n                                                                            <h3 class=\"item--title\">A rede de Empreendedores Sociais<\/h3>\r\n                                                                    <\/div>\r\n                                <div class=\"item--holder\">\r\n                                    <div class=\"item--holder-inner\">\r\n                                                                                    <h3 class=\"item--title\">A rede de Empreendedores Sociais<\/h3>\r\n                                                                                                                                                                    <div class=\"entry-readmore\">\r\n                                                <a class=\"btn btn-default\" href=\"https:\/\/inspire-eu.com\/PT\/index.php\/service\/the-network-of-social-entrepreneurs\/\">\r\n                                                    Read more                                                <\/a>\r\n                                            <\/div>\r\n                                                                            <\/div>\r\n                                <\/div>\r\n                            <\/div>\r\n                        <\/div>\r\n                                                                                  \r\n                                                                        <div class=\"grid-item col-xl-3 col-lg-3 col-md-4 col-sm-6 col-12 \">\r\n                            <div class=\"grid-item-inner  active-featured\">\r\n                                <div class=\"item--featured\">\r\n                                    <img decoding=\"async\" class=\"disable-lazy \" src=\"https:\/\/inspire-eu.com\/PT\/wp-content\/uploads\/2019\/12\/corporate-portfolio4-450x450.jpg\" width=\"450\" height=\"450\" alt=\"corporate-portfolio4\" title=\"corporate-portfolio4\" \/>                                <\/div>\r\n                                <div class=\"item--meta\">\r\n                                                                            <h3 class=\"item--title\">Modelo de Rede de Empreendedorismo Social<\/h3>\r\n                                                                    <\/div>\r\n                                <div class=\"item--holder\">\r\n                                    <div class=\"item--holder-inner\">\r\n                                                                                    <h3 class=\"item--title\">Modelo de Rede de Empreendedorismo Social<\/h3>\r\n                                                                                                                                                                    <div class=\"entry-readmore\">\r\n                                                <a class=\"btn btn-default\" href=\"https:\/\/inspire-eu.com\/PT\/index.php\/service\/model-of-social-entrepreneurship-network\/\">\r\n                                                    Read more                                                <\/a>\r\n                                            <\/div>\r\n                                                                            <\/div>\r\n                                <\/div>\r\n                            <\/div>\r\n                        <\/div>\r\n                                                                                  \r\n                                <div class=\"grid-sizer col-xl-3 col-lg-3 col-md-4 col-sm-6 col-12\"><\/div>\r\n            <\/div>\r\n        <\/div>\t\t<\/div>\n\t\t\t\t<\/div>\n\t\t            <\/div>\n        <\/div>\n                            <\/div>\n        <\/section>\n        \t\t\t\t<\/div>\n\t\t\t\t\t<\/div>\n\t\t","protected":false},"excerpt":{"rendered":"<p>Desenvolvimento de compet\u00eancias Desenvolvimento de compet\u00eancias Read more Portf\u00f3lio de aprendizagem ao vivo Portf\u00f3lio de aprendizagem ao vivo Read more A rede de Empreendedores Sociais A rede de Empreendedores Sociais Read more Modelo de Rede de Empreendedorismo Social Modelo de Rede de Empreendedorismo Social Read more<\/p>\n","protected":false},"author":1,"featured_media":0,"parent":0,"menu_order":0,"comment_status":"closed","ping_status":"closed","template":"","meta":{"footnotes":""},"class_list":["post-5792","page","type-page","status-publish","hentry"],"_links":{"self":[{"href":"https:\/\/inspire-eu.com\/PT\/index.php\/wp-json\/wp\/v2\/pages\/5792","targetHints":{"allow":["GET"]}}],"collection":[{"href":"https:\/\/inspire-eu.com\/PT\/index.php\/wp-json\/wp\/v2\/pages"}],"about":[{"href":"https:\/\/inspire-eu.com\/PT\/index.php\/wp-json\/wp\/v2\/types\/page"}],"author":[{"embeddable":true,"href":"https:\/\/inspire-eu.com\/PT\/index.php\/wp-json\/wp\/v2\/users\/1"}],"replies":[{"embeddable":true,"href":"https:\/\/inspire-eu.com\/PT\/index.php\/wp-json\/wp\/v2\/comments?post=5792"}],"version-history":[{"count":5,"href":"https:\/\/inspire-eu.com\/PT\/index.php\/wp-json\/wp\/v2\/pages\/5792\/revisions"}],"predecessor-version":[{"id":6093,"href":"https:\/\/inspire-eu.com\/PT\/index.php\/wp-json\/wp\/v2\/pages\/5792\/revisions\/6093"}],"wp:attachment":[{"href":"https:\/\/inspire-eu.com\/PT\/index.php\/wp-json\/wp\/v2\/media?parent=5792"}],"curies":[{"name":"wp","href":"https:\/\/api.w.org\/{rel}","templated":true}]}}