{"id":5785,"date":"2022-02-15T12:04:07","date_gmt":"2022-02-15T09:04:07","guid":{"rendered":"https:\/\/inspire-eu.com\/EN\/?page_id=5785"},"modified":"2022-02-16T14:09:27","modified_gmt":"2022-02-16T11:09:27","slug":"intellectual-outputs","status":"publish","type":"page","link":"https:\/\/inspire-eu.com\/PT\/index.php\/intellectual-outputs\/","title":{"rendered":"RESULTADOS INTELECTUAIS"},"content":{"rendered":"\t\t<div data-elementor-type=\"wp-page\" data-elementor-id=\"5785\" class=\"elementor elementor-5785\" data-elementor-settings=\"[]\">\n\t\t\t\t\t\t\t<div class=\"elementor-section-wrap\">\n\t\t\t\t\t        <section class=\"elementor-section elementor-top-section elementor-element elementor-element-3936d8e elementor-section-stretched elementor-section-boxed elementor-section-height-default elementor-section-height-default ct-header-fixed-none ct-row-max-none\" data-id=\"3936d8e\" data-element_type=\"section\" data-settings=\"{&quot;stretch_section&quot;:&quot;section-stretched&quot;,&quot;background_background&quot;:&quot;classic&quot;,&quot;shape_divider_bottom&quot;:&quot;arrow&quot;}\">\n                    <div class=\"elementor-shape elementor-shape-bottom\" data-negative=\"false\">\n            <svg xmlns=\"http:\/\/www.w3.org\/2000\/svg\" viewBox=\"0 0 700 10\" preserveAspectRatio=\"none\">\n\t<path class=\"elementor-shape-fill\" d=\"M350,10L340,0h20L350,10z\"\/>\n<\/svg>        <\/div>\n        \n                        <div class=\"elementor-container elementor-column-gap-extended \">\n                    <div class=\"elementor-column elementor-col-100 elementor-top-column elementor-element elementor-element-94fed88\" data-id=\"94fed88\" data-element_type=\"column\">\n            <div class=\"elementor-widget-wrap elementor-element-populated\">\n                        \t\t<div class=\"elementor-element elementor-element-e891a4f elementor-widget elementor-widget-ct_service_grid\" data-id=\"e891a4f\" data-element_type=\"widget\" data-widget_type=\"ct_service_grid.default\">\n\t\t\t\t<div class=\"elementor-widget-container\">\n\t\t\t\r\n<div id=\"ct_service_grid-e891a4f\" class=\"ct-grid ct-service-grid2\" data-layout=\"masonry\" data-start-page=\"1\" data-max-pages=\"1\" data-total=\"5\" data-perpage=\"6\" data-next-link=\"\">\r\n    <div class=\"ct-grid-overlay\"><\/div>\r\n    \r\n    <div class=\"ct-grid-inner ct-grid-masonry row animate-time\" data-gutter=\"15\">\r\n                                                                    <div class=\"grid-item col-xl-4 col-lg-4 col-md-6 col-sm-6 col-12 \">\r\n                            <div class=\"grid-item-inner wow fadeInUp active-featured\">\r\n                                <div class=\"item--featured\">\r\n                                    <img decoding=\"async\" class=\"disable-lazy \" src=\"https:\/\/inspire-eu.com\/PT\/wp-content\/uploads\/2020\/03\/Comparative-Diagnosis-of-Social-Entrepreneurship-in-Europe-scaled-450x450.jpg\" width=\"450\" height=\"450\" alt=\"Digital increasing bar graph with businessman hand overlay\" title=\"Presenting arm isolated on beige\" \/>                                <\/div>\r\n                                <div class=\"item--meta\">\r\n                                                                            <h3 class=\"item--title\">Diagn\u00f3stico Comparativo do Empreendedorismo Social na Europa<\/h3>\r\n                                                                    <\/div>\r\n                                <div class=\"item--holder\">\r\n                                    <div class=\"item--holder-inner\">\r\n                                                                                    <h3 class=\"item--title\">Diagn\u00f3stico Comparativo do Empreendedorismo Social na Europa<\/h3>\r\n                                                                                                                            <div class=\"item--content\">\r\n                                                Esta produ\u00e7\u00e3o intelectual baseia-se na An\u00e1lise das Necessidades a ser&hellip;                                            <\/div>\r\n                                                                                                                            <div class=\"entry-readmore\">\r\n                                                <a class=\"btn btn-default\" href=\"https:\/\/inspire-eu.com\/PT\/index.php\/service\/comparative-diagnosis-of-social-entrepreneurship-in-europe\/\">\r\n                                                    Read more                                                <\/a>\r\n                                            <\/div>\r\n                                                                            <\/div>\r\n                                <\/div>\r\n                            <\/div>\r\n                        <\/div>\r\n                                                                                  \r\n                                                                        <div class=\"grid-item col-xl-4 col-lg-4 col-md-6 col-sm-6 col-12 \">\r\n                            <div class=\"grid-item-inner wow fadeInUp active-featured\">\r\n                                <div class=\"item--featured\">\r\n                                    <img decoding=\"async\" class=\"disable-lazy \" src=\"https:\/\/inspire-eu.com\/PT\/wp-content\/uploads\/2020\/03\/meeting-discussion-450x450.jpg\" width=\"450\" height=\"450\" alt=\"meeting-discussion\" title=\"meeting-discussion\" \/>                                <\/div>\r\n                                <div class=\"item--meta\">\r\n                                                                            <h3 class=\"item--title\">Modelo para a Rede de Empreendedorismo Social<\/h3>\r\n                                                                    <\/div>\r\n                                <div class=\"item--holder\">\r\n                                    <div class=\"item--holder-inner\">\r\n                                                                                    <h3 class=\"item--title\">Modelo para a Rede de Empreendedorismo Social<\/h3>\r\n                                                                                                                            <div class=\"item--content\">\r\n                                                Este modelo \u00e9 concebido com base na transfer\u00eancia de conhecimentos&hellip;                                            <\/div>\r\n                                                                                                                            <div class=\"entry-readmore\">\r\n                                                <a class=\"btn btn-default\" href=\"https:\/\/inspire-eu.com\/PT\/index.php\/service\/model-for-the-social-entrepreneurship-network\/\">\r\n                                                    Read more                                                <\/a>\r\n                                            <\/div>\r\n                                                                            <\/div>\r\n                                <\/div>\r\n                            <\/div>\r\n                        <\/div>\r\n                                                                                  \r\n                                                                        <div class=\"grid-item col-xl-4 col-lg-4 col-md-6 col-sm-6 col-12 \">\r\n                            <div class=\"grid-item-inner wow fadeInUp active-featured\">\r\n                                <div class=\"item--featured\">\r\n                                    <img decoding=\"async\" class=\"disable-lazy \" src=\"https:\/\/inspire-eu.com\/PT\/wp-content\/uploads\/2020\/03\/Live-HUB-scaled-450x450.jpg\" width=\"450\" height=\"450\" alt=\"Colleagues giving a fist bump\" title=\"Colleagues giving a fist bump\" \/>                                <\/div>\r\n                                <div class=\"item--meta\">\r\n                                                                            <h3 class=\"item--title\">iNSPIRE Live HUB<\/h3>\r\n                                                                    <\/div>\r\n                                <div class=\"item--holder\">\r\n                                    <div class=\"item--holder-inner\">\r\n                                                                                    <h3 class=\"item--title\">iNSPIRE Live HUB<\/h3>\r\n                                                                                                                            <div class=\"item--content\">\r\n                                                Os principais objectivos s\u00e3o a concep\u00e7\u00e3o da metodologia para a&hellip;                                            <\/div>\r\n                                                                                                                            <div class=\"entry-readmore\">\r\n                                                <a class=\"btn btn-default\" href=\"https:\/\/inspire-eu.com\/PT\/index.php\/service\/inspire-live-hub\/\">\r\n                                                    Read more                                                <\/a>\r\n                                            <\/div>\r\n                                                                            <\/div>\r\n                                <\/div>\r\n                            <\/div>\r\n                        <\/div>\r\n                                                                                  \r\n                                                                        <div class=\"grid-item col-xl-4 col-lg-4 col-md-6 col-sm-6 col-12 \">\r\n                            <div class=\"grid-item-inner wow fadeInUp active-featured\">\r\n                                <div class=\"item--featured\">\r\n                                    <img decoding=\"async\" class=\"disable-lazy \" src=\"https:\/\/inspire-eu.com\/PT\/wp-content\/uploads\/2020\/03\/update-service-01-450x450.jpg\" width=\"450\" height=\"450\" alt=\"update-service-01\" title=\"update-service-01\" \/>                                <\/div>\r\n                                <div class=\"item--meta\">\r\n                                                                            <h3 class=\"item--title\">Pol\u00edtica P\u00fablica sobre Empreendedorismo Social<\/h3>\r\n                                                                    <\/div>\r\n                                <div class=\"item--holder\">\r\n                                    <div class=\"item--holder-inner\">\r\n                                                                                    <h3 class=\"item--title\">Pol\u00edtica P\u00fablica sobre Empreendedorismo Social<\/h3>\r\n                                                                                                                            <div class=\"item--content\">\r\n                                                A Pol\u00edtica P\u00fablica ser\u00e1 baseada na An\u00e1lise Pol\u00edtica da UE&hellip;                                            <\/div>\r\n                                                                                                                            <div class=\"entry-readmore\">\r\n                                                <a class=\"btn btn-default\" href=\"https:\/\/inspire-eu.com\/PT\/index.php\/service\/public-policy-on-social-entrepreneurship\/\">\r\n                                                    Read more                                                <\/a>\r\n                                            <\/div>\r\n                                                                            <\/div>\r\n                                <\/div>\r\n                            <\/div>\r\n                        <\/div>\r\n                                                                                  \r\n                                                                                                                <div class=\"grid-item col-xl-4 col-lg-4 col-md-6 col-sm-6 col-12 \">\r\n                            <div class=\"grid-item-inner wow fadeInUp active-featured\">\r\n                                <div class=\"item--featured\">\r\n                                    <img decoding=\"async\" class=\"disable-lazy \" src=\"https:\/\/inspire-eu.com\/PT\/wp-content\/uploads\/2019\/11\/theme-06-450x450.jpg\" width=\"450\" height=\"450\" alt=\"theme-06\" title=\"theme-06\" \/>                                <\/div>\r\n                                <div class=\"item--meta\">\r\n                                                                            <h3 class=\"item--title\">Li\u00e7\u00f5es para o iNSPIRE<\/h3>\r\n                                                                    <\/div>\r\n                                <div class=\"item--holder\">\r\n                                    <div class=\"item--holder-inner\">\r\n                                                                                    <h3 class=\"item--title\">Li\u00e7\u00f5es para o iNSPIRE<\/h3>\r\n                                                                                                                            <div class=\"item--content\">\r\n                                                Inspire ir\u00e1 organizar forma\u00e7\u00e3o de formadores para mentores na Irlanda&hellip;                                            <\/div>\r\n                                                                                                                            <div class=\"entry-readmore\">\r\n                                                <a class=\"btn btn-default\" href=\"https:\/\/inspire-eu.com\/PT\/index.php\/service\/lessons-to-inspire\/\">\r\n                                                    Read more                                                <\/a>\r\n                                            <\/div>\r\n                                                                            <\/div>\r\n                                <\/div>\r\n                            <\/div>\r\n                        <\/div>\r\n                                          \r\n                                <div class=\"grid-sizer col-xl-4 col-lg-4 col-md-6 col-sm-6 col-12\"><\/div>\r\n            <\/div>\r\n        <\/div>\t\t<\/div>\n\t\t\t\t<\/div>\n\t\t            <\/div>\n        <\/div>\n                            <\/div>\n        <\/section>\n        \t\t\t\t<\/div>\n\t\t\t\t\t<\/div>\n\t\t","protected":false},"excerpt":{"rendered":"<p>Comparative Diagnosis of Social Entrepreneurship in Europe Comparative Diagnosis of Social Entrepreneurship in Europe This intellectual output is based on Needs Analysis to be&hellip; Read more Model for the Social Entrepreneurship Network Model for the Social Entrepreneurship Network This model is conceived based on the knowledge transfer among&hellip; Read more iNSPIRE Live HUB iNSPIRE Live [&hellip;]<\/p>\n","protected":false},"author":1,"featured_media":0,"parent":0,"menu_order":0,"comment_status":"closed","ping_status":"closed","template":"","meta":{"footnotes":""},"class_list":["post-5785","page","type-page","status-publish","hentry"],"_links":{"self":[{"href":"https:\/\/inspire-eu.com\/PT\/index.php\/wp-json\/wp\/v2\/pages\/5785","targetHints":{"allow":["GET"]}}],"collection":[{"href":"https:\/\/inspire-eu.com\/PT\/index.php\/wp-json\/wp\/v2\/pages"}],"about":[{"href":"https:\/\/inspire-eu.com\/PT\/index.php\/wp-json\/wp\/v2\/types\/page"}],"author":[{"embeddable":true,"href":"https:\/\/inspire-eu.com\/PT\/index.php\/wp-json\/wp\/v2\/users\/1"}],"replies":[{"embeddable":true,"href":"https:\/\/inspire-eu.com\/PT\/index.php\/wp-json\/wp\/v2\/comments?post=5785"}],"version-history":[{"count":11,"href":"https:\/\/inspire-eu.com\/PT\/index.php\/wp-json\/wp\/v2\/pages\/5785\/revisions"}],"predecessor-version":[{"id":6023,"href":"https:\/\/inspire-eu.com\/PT\/index.php\/wp-json\/wp\/v2\/pages\/5785\/revisions\/6023"}],"wp:attachment":[{"href":"https:\/\/inspire-eu.com\/PT\/index.php\/wp-json\/wp\/v2\/media?parent=5785"}],"curies":[{"name":"wp","href":"https:\/\/api.w.org\/{rel}","templated":true}]}}