{"id":6083,"date":"2022-02-18T10:50:27","date_gmt":"2022-02-18T07:50:27","guid":{"rendered":"https:\/\/inspire-eu.com\/FR\/?page_id=6083"},"modified":"2022-02-18T10:50:27","modified_gmt":"2022-02-18T07:50:27","slug":"istasyontedu","status":"publish","type":"page","link":"https:\/\/inspire-eu.com\/FR\/index.php\/partners\/istasyontedu\/","title":{"rendered":"\u0130stasyonTED\u00dc"},"content":{"rendered":"<p>\u0130stasyonTEDU &#8211; TED University Center for Social Innovation, cr\u00e9\u00e9 le 8 avril 2016, est un espace de coproduction multifonctionnel, contribuant au d\u00e9veloppement des \u00e9cosyst\u00e8mes de l&#8217;innovation sociale et de l&#8217;entrepreneuriat social, au soutien du renforcement de l&#8217;interaction universit\u00e9-soci\u00e9t\u00e9 et \u00e0 la mise en relation des acteurs orient\u00e9s vers le b\u00e9n\u00e9fice social. \u0130stasyonTEDU offre un soutien non financier aux entrepreneurs sociaux et aux innovateurs sociaux ; r\u00e9alise des activit\u00e9s interm\u00e9diaires qui renforcent et unifient l&#8217;\u00e9cosyst\u00e8me en menant des formations, du conseil, des \u00e9v\u00e9nements, des \u00e9tudes de dialogue public et des projets de recherche appliqu\u00e9e.<\/p>\n","protected":false},"excerpt":{"rendered":"<p>\u0130stasyonTEDU &#8211; TED University Center for Social Innovation, cr\u00e9\u00e9 le 8 avril 2016, est un espace de coproduction multifonctionnel, contribuant au d\u00e9veloppement des \u00e9cosyst\u00e8mes de l&#8217;innovation sociale et de l&#8217;entrepreneuriat social, au soutien du renforcement de l&#8217;interaction universit\u00e9-soci\u00e9t\u00e9 et \u00e0 la mise en relation des acteurs orient\u00e9s vers le b\u00e9n\u00e9fice social. \u0130stasyonTEDU offre un soutien [&hellip;]<\/p>\n","protected":false},"author":1,"featured_media":0,"parent":5787,"menu_order":0,"comment_status":"closed","ping_status":"closed","template":"","meta":{"footnotes":""},"class_list":["post-6083","page","type-page","status-publish","hentry"],"_links":{"self":[{"href":"https:\/\/inspire-eu.com\/FR\/index.php\/wp-json\/wp\/v2\/pages\/6083","targetHints":{"allow":["GET"]}}],"collection":[{"href":"https:\/\/inspire-eu.com\/FR\/index.php\/wp-json\/wp\/v2\/pages"}],"about":[{"href":"https:\/\/inspire-eu.com\/FR\/index.php\/wp-json\/wp\/v2\/types\/page"}],"author":[{"embeddable":true,"href":"https:\/\/inspire-eu.com\/FR\/index.php\/wp-json\/wp\/v2\/users\/1"}],"replies":[{"embeddable":true,"href":"https:\/\/inspire-eu.com\/FR\/index.php\/wp-json\/wp\/v2\/comments?post=6083"}],"version-history":[{"count":2,"href":"https:\/\/inspire-eu.com\/FR\/index.php\/wp-json\/wp\/v2\/pages\/6083\/revisions"}],"predecessor-version":[{"id":6085,"href":"https:\/\/inspire-eu.com\/FR\/index.php\/wp-json\/wp\/v2\/pages\/6083\/revisions\/6085"}],"up":[{"embeddable":true,"href":"https:\/\/inspire-eu.com\/FR\/index.php\/wp-json\/wp\/v2\/pages\/5787"}],"wp:attachment":[{"href":"https:\/\/inspire-eu.com\/FR\/index.php\/wp-json\/wp\/v2\/media?parent=6083"}],"curies":[{"name":"wp","href":"https:\/\/api.w.org\/{rel}","templated":true}]}}