{"id":5972,"date":"2022-02-16T12:26:52","date_gmt":"2022-02-16T09:26:52","guid":{"rendered":"https:\/\/inspire-eu.com\/EN\/?page_id=5972"},"modified":"2022-02-16T14:01:45","modified_gmt":"2022-02-16T11:01:45","slug":"ireland","status":"publish","type":"page","link":"https:\/\/inspire-eu.com\/FR\/index.php\/partners\/ireland\/","title":{"rendered":"Irlande"},"content":{"rendered":"<p>Workplace Innovation Europe est une organisation internationale \u00e0 but non lucratif en Irlande, cr\u00e9\u00e9e pour promouvoir des m\u00e9thodes de travail meilleures, plus productives et plus saines par la recherche, la diffusion, la d\u00e9fense des politiques et le conseil. L&#8217;\u00e9quipe du WIE est experte en mati\u00e8re d&#8217;innovation sur le lieu de travail, de relations professionnelles, d&#8217;utilisation et de d\u00e9veloppement des comp\u00e9tences, de d\u00e9veloppement \u00e9conomique, de politique publique, de m\u00e9dias et de communication. politique publique, m\u00e9dias et communications. L&#8217;organisation a cr\u00e9\u00e9 des outils et des ressources qui s&#8217;appuient sur la recherche internationale pour fournir les connaissances pratiques n\u00e9cessaires sur le lieu de travail ; et a soulign\u00e9 le r\u00f4le des syndicats et des organisations d&#8217;employeurs en tant que &#8220;participants avertis&#8221; \u00e0 l&#8217;innovation sur le lieu de travail.<\/p>\n","protected":false},"excerpt":{"rendered":"<p>Workplace Innovation Europe est une organisation internationale \u00e0 but non lucratif en Irlande, cr\u00e9\u00e9e pour promouvoir des m\u00e9thodes de travail meilleures, plus productives et plus saines par la recherche, la diffusion, la d\u00e9fense des politiques et le conseil. L&#8217;\u00e9quipe du WIE est experte en mati\u00e8re d&#8217;innovation sur le lieu de travail, de relations professionnelles, d&#8217;utilisation [&hellip;]<\/p>\n","protected":false},"author":1,"featured_media":0,"parent":5787,"menu_order":0,"comment_status":"closed","ping_status":"closed","template":"","meta":{"footnotes":""},"class_list":["post-5972","page","type-page","status-publish","hentry"],"_links":{"self":[{"href":"https:\/\/inspire-eu.com\/FR\/index.php\/wp-json\/wp\/v2\/pages\/5972","targetHints":{"allow":["GET"]}}],"collection":[{"href":"https:\/\/inspire-eu.com\/FR\/index.php\/wp-json\/wp\/v2\/pages"}],"about":[{"href":"https:\/\/inspire-eu.com\/FR\/index.php\/wp-json\/wp\/v2\/types\/page"}],"author":[{"embeddable":true,"href":"https:\/\/inspire-eu.com\/FR\/index.php\/wp-json\/wp\/v2\/users\/1"}],"replies":[{"embeddable":true,"href":"https:\/\/inspire-eu.com\/FR\/index.php\/wp-json\/wp\/v2\/comments?post=5972"}],"version-history":[{"count":3,"href":"https:\/\/inspire-eu.com\/FR\/index.php\/wp-json\/wp\/v2\/pages\/5972\/revisions"}],"predecessor-version":[{"id":6062,"href":"https:\/\/inspire-eu.com\/FR\/index.php\/wp-json\/wp\/v2\/pages\/5972\/revisions\/6062"}],"up":[{"embeddable":true,"href":"https:\/\/inspire-eu.com\/FR\/index.php\/wp-json\/wp\/v2\/pages\/5787"}],"wp:attachment":[{"href":"https:\/\/inspire-eu.com\/FR\/index.php\/wp-json\/wp\/v2\/media?parent=5972"}],"curies":[{"name":"wp","href":"https:\/\/api.w.org\/{rel}","templated":true}]}}