{"id":5970,"date":"2022-02-16T12:23:26","date_gmt":"2022-02-16T09:23:26","guid":{"rendered":"https:\/\/inspire-eu.com\/EN\/?page_id=5970"},"modified":"2022-02-16T14:02:28","modified_gmt":"2022-02-16T11:02:28","slug":"portugal","status":"publish","type":"page","link":"https:\/\/inspire-eu.com\/FR\/index.php\/partners\/portugal\/","title":{"rendered":"Portugal"},"content":{"rendered":"<p>Iscte (www.iscte.pt) est une universit\u00e9 publique cr\u00e9\u00e9e en 1972. L&#8217;Iscte est une universit\u00e9 publique de haute qualit\u00e9 qui se distingue par sa force dans les \u00e9tudes de troisi\u00e8me cycle et la recherche scientifique. Elle accueille environ 9000 \u00e9tudiants dans les programmes de premier cycle et de troisi\u00e8me cycle de ses 4 \u00e9coles : Iscte Business School, l&#8217;\u00e9cole de sociologie et de politique publique, l&#8217;\u00e9cole de technologie et d&#8217;architecture et l&#8217;\u00e9cole de sciences sociales et humaines. L&#8217;universit\u00e9 est aussi activement engag\u00e9e dans des projets de collaboration, des r\u00e9seaux et des partenariats dans le monde entier, y compris une s\u00e9rie de programmes d&#8217;enseignement, de formation et de recherche soutenus par l&#8217;Union europ\u00e9enne. L&#8217;Iscte a \u00e9tabli une coop\u00e9ration (inter)nationale avec un grand nombre d&#8217;universit\u00e9s, d&#8217;instituts de recherche et d&#8217;organisations publiques, priv\u00e9es et du troisi\u00e8me secteur. Il entretient un lien \u00e9troit avec la science, l&#8217;\u00e9conomie et la soci\u00e9t\u00e9 et a un impact sur ces derni\u00e8res.<\/p>\n","protected":false},"excerpt":{"rendered":"<p>Iscte (www.iscte.pt) est une universit\u00e9 publique cr\u00e9\u00e9e en 1972. L&#8217;Iscte est une universit\u00e9 publique de haute qualit\u00e9 qui se distingue par sa force dans les \u00e9tudes de troisi\u00e8me cycle et la recherche scientifique. Elle accueille environ 9000 \u00e9tudiants dans les programmes de premier cycle et de troisi\u00e8me cycle de ses 4 \u00e9coles : Iscte Business [&hellip;]<\/p>\n","protected":false},"author":1,"featured_media":0,"parent":5787,"menu_order":0,"comment_status":"closed","ping_status":"closed","template":"","meta":{"footnotes":""},"class_list":["post-5970","page","type-page","status-publish","hentry"],"_links":{"self":[{"href":"https:\/\/inspire-eu.com\/FR\/index.php\/wp-json\/wp\/v2\/pages\/5970","targetHints":{"allow":["GET"]}}],"collection":[{"href":"https:\/\/inspire-eu.com\/FR\/index.php\/wp-json\/wp\/v2\/pages"}],"about":[{"href":"https:\/\/inspire-eu.com\/FR\/index.php\/wp-json\/wp\/v2\/types\/page"}],"author":[{"embeddable":true,"href":"https:\/\/inspire-eu.com\/FR\/index.php\/wp-json\/wp\/v2\/users\/1"}],"replies":[{"embeddable":true,"href":"https:\/\/inspire-eu.com\/FR\/index.php\/wp-json\/wp\/v2\/comments?post=5970"}],"version-history":[{"count":2,"href":"https:\/\/inspire-eu.com\/FR\/index.php\/wp-json\/wp\/v2\/pages\/5970\/revisions"}],"predecessor-version":[{"id":6065,"href":"https:\/\/inspire-eu.com\/FR\/index.php\/wp-json\/wp\/v2\/pages\/5970\/revisions\/6065"}],"up":[{"embeddable":true,"href":"https:\/\/inspire-eu.com\/FR\/index.php\/wp-json\/wp\/v2\/pages\/5787"}],"wp:attachment":[{"href":"https:\/\/inspire-eu.com\/FR\/index.php\/wp-json\/wp\/v2\/media?parent=5970"}],"curies":[{"name":"wp","href":"https:\/\/api.w.org\/{rel}","templated":true}]}}