{"id":5968,"date":"2022-02-16T12:22:45","date_gmt":"2022-02-16T09:22:45","guid":{"rendered":"https:\/\/inspire-eu.com\/EN\/?page_id=5968"},"modified":"2022-02-16T14:02:07","modified_gmt":"2022-02-16T11:02:07","slug":"belgium","status":"publish","type":"page","link":"https:\/\/inspire-eu.com\/FR\/index.php\/partners\/belgium\/","title":{"rendered":"Belgique"},"content":{"rendered":"<p>Ce mod\u00e8le est con\u00e7u sur la base du transfert de connaissances entre les partenaires, ce qui n\u00e9cessite des efforts afin d&#8217;\u00e9viter un benchmarking m\u00e9canique des pratiques innovantes et de soutenir une adaptation r\u00e9flexive. L&#8217;objectif est donc d&#8217;analyser le concept d&#8217;entrepreneuriat social et de d\u00e9finir les sp\u00e9cificit\u00e9s du r\u00e9seau \u00e0 d\u00e9velopper. Pour atteindre cet objectif, nous avons utilis\u00e9 la base empirique pour la conception d&#8217;un concept de r\u00e9seau r\u00e9flexif du r\u00e9seau de l&#8217;entrepreneuriat social ainsi que les apports factuels soutenus par des \u00e9tudes de cas d&#8217;entrepreneurs sociaux. Exp\u00e9riences m\u00e9thodologiques pour le d\u00e9veloppement de l&#8217;innovation p\u00e9dagogique et didactique.<\/p>\n<p>La conception du concept de r\u00e9seau transf\u00e9rable est produite par les partenaires.\u00a0 Dans cette phase, les t\u00e2ches principales sont la conception et la pr\u00e9paration de la transf\u00e9rabilit\u00e9 qui comprend le d\u00e9veloppement d&#8217;une compr\u00e9hension commune et partag\u00e9e et d&#8217;un cadre interpr\u00e9tatif et, sur cette base, la compilation de lignes directrices de recherche.<\/p>\n","protected":false},"excerpt":{"rendered":"<p>Ce mod\u00e8le est con\u00e7u sur la base du transfert de connaissances entre les partenaires, ce qui n\u00e9cessite des efforts afin d&#8217;\u00e9viter un benchmarking m\u00e9canique des pratiques innovantes et de soutenir une adaptation r\u00e9flexive. L&#8217;objectif est donc d&#8217;analyser le concept d&#8217;entrepreneuriat social et de d\u00e9finir les sp\u00e9cificit\u00e9s du r\u00e9seau \u00e0 d\u00e9velopper. Pour atteindre cet objectif, nous [&hellip;]<\/p>\n","protected":false},"author":1,"featured_media":0,"parent":5787,"menu_order":0,"comment_status":"closed","ping_status":"closed","template":"","meta":{"footnotes":""},"class_list":["post-5968","page","type-page","status-publish","hentry"],"_links":{"self":[{"href":"https:\/\/inspire-eu.com\/FR\/index.php\/wp-json\/wp\/v2\/pages\/5968","targetHints":{"allow":["GET"]}}],"collection":[{"href":"https:\/\/inspire-eu.com\/FR\/index.php\/wp-json\/wp\/v2\/pages"}],"about":[{"href":"https:\/\/inspire-eu.com\/FR\/index.php\/wp-json\/wp\/v2\/types\/page"}],"author":[{"embeddable":true,"href":"https:\/\/inspire-eu.com\/FR\/index.php\/wp-json\/wp\/v2\/users\/1"}],"replies":[{"embeddable":true,"href":"https:\/\/inspire-eu.com\/FR\/index.php\/wp-json\/wp\/v2\/comments?post=5968"}],"version-history":[{"count":3,"href":"https:\/\/inspire-eu.com\/FR\/index.php\/wp-json\/wp\/v2\/pages\/5968\/revisions"}],"predecessor-version":[{"id":6064,"href":"https:\/\/inspire-eu.com\/FR\/index.php\/wp-json\/wp\/v2\/pages\/5968\/revisions\/6064"}],"up":[{"embeddable":true,"href":"https:\/\/inspire-eu.com\/FR\/index.php\/wp-json\/wp\/v2\/pages\/5787"}],"wp:attachment":[{"href":"https:\/\/inspire-eu.com\/FR\/index.php\/wp-json\/wp\/v2\/media?parent=5968"}],"curies":[{"name":"wp","href":"https:\/\/api.w.org\/{rel}","templated":true}]}}