{"id":5964,"date":"2022-02-16T12:20:20","date_gmt":"2022-02-16T09:20:20","guid":{"rendered":"https:\/\/inspire-eu.com\/EN\/?page_id=5964"},"modified":"2022-02-16T14:01:28","modified_gmt":"2022-02-16T11:01:28","slug":"france","status":"publish","type":"page","link":"https:\/\/inspire-eu.com\/FR\/index.php\/partners\/france\/","title":{"rendered":"France"},"content":{"rendered":"<p>L&#8217;Association Culturelle des Jeunes Turc de Bar le Duc est une organisation \u00e0 but non lucratif qui poursuit exclusivement des objectifs de solidarit\u00e9 sociale et est active dans les secteurs de la formation, de l&#8217;\u00e9ducation non formelle, du volontariat, des activit\u00e9s afin d&#8217;impliquer les adultes et les jeunes dans la vie sociale, par la mise en \u0153uvre de divers projets et activit\u00e9s dans le cadre de programmes europ\u00e9ens et nationaux. L&#8217;objectif de l&#8217;organisation est de promouvoir des activit\u00e9s et des projets pour les adultes et les jeunes dans la dimension de l&#8217;apprentissage interculturel et interg\u00e9n\u00e9rationnel et de leur donner les outils appropri\u00e9s pour faire face aux probl\u00e8mes de la soci\u00e9t\u00e9 moderne. Dans un contexte multiculturel, ils offrent aux personnes de diff\u00e9rents pays la possibilit\u00e9 de partager leurs exp\u00e9riences, d&#8217;apprendre la valeur du travail en \u00e9quipe. L&#8217;organisation promeut l&#8217;\u00e9ducation non formelle, les comp\u00e9tences num\u00e9riques et les activit\u00e9s qui stimulent les comp\u00e9tences civiques chez les adultes et les jeunes.<\/p>\n","protected":false},"excerpt":{"rendered":"<p>L&#8217;Association Culturelle des Jeunes Turc de Bar le Duc est une organisation \u00e0 but non lucratif qui poursuit exclusivement des objectifs de solidarit\u00e9 sociale et est active dans les secteurs de la formation, de l&#8217;\u00e9ducation non formelle, du volontariat, des activit\u00e9s afin d&#8217;impliquer les adultes et les jeunes dans la vie sociale, par la mise [&hellip;]<\/p>\n","protected":false},"author":1,"featured_media":0,"parent":5787,"menu_order":0,"comment_status":"closed","ping_status":"closed","template":"","meta":{"footnotes":""},"class_list":["post-5964","page","type-page","status-publish","hentry"],"_links":{"self":[{"href":"https:\/\/inspire-eu.com\/FR\/index.php\/wp-json\/wp\/v2\/pages\/5964","targetHints":{"allow":["GET"]}}],"collection":[{"href":"https:\/\/inspire-eu.com\/FR\/index.php\/wp-json\/wp\/v2\/pages"}],"about":[{"href":"https:\/\/inspire-eu.com\/FR\/index.php\/wp-json\/wp\/v2\/types\/page"}],"author":[{"embeddable":true,"href":"https:\/\/inspire-eu.com\/FR\/index.php\/wp-json\/wp\/v2\/users\/1"}],"replies":[{"embeddable":true,"href":"https:\/\/inspire-eu.com\/FR\/index.php\/wp-json\/wp\/v2\/comments?post=5964"}],"version-history":[{"count":2,"href":"https:\/\/inspire-eu.com\/FR\/index.php\/wp-json\/wp\/v2\/pages\/5964\/revisions"}],"predecessor-version":[{"id":6061,"href":"https:\/\/inspire-eu.com\/FR\/index.php\/wp-json\/wp\/v2\/pages\/5964\/revisions\/6061"}],"up":[{"embeddable":true,"href":"https:\/\/inspire-eu.com\/FR\/index.php\/wp-json\/wp\/v2\/pages\/5787"}],"wp:attachment":[{"href":"https:\/\/inspire-eu.com\/FR\/index.php\/wp-json\/wp\/v2\/media?parent=5964"}],"curies":[{"name":"wp","href":"https:\/\/api.w.org\/{rel}","templated":true}]}}