{"id":6017,"date":"2022-02-16T17:10:17","date_gmt":"2022-02-16T14:10:17","guid":{"rendered":"https:\/\/inspire-eu.com\/EN\/?page_id=6017"},"modified":"2022-02-16T17:10:17","modified_gmt":"2022-02-16T14:10:17","slug":"istasyontedu","status":"publish","type":"page","link":"https:\/\/inspire-eu.com\/EN\/index.php\/partners\/istasyontedu\/","title":{"rendered":"\u0130stasyonTED\u00dc"},"content":{"rendered":"<p>\u0130stasyonTEDU &#8211; TED University Center for Social Innovation, established on 8th April 2016, is a multifunctional co-production space, contributing to the development of social innovation and social entrepreneurship ecosystems, to support the strengthening of university-society interaction, and to bring social benefit-oriented actors together. \u0130stasyonTEDU offers non-financial support to social entrepreneurs and social innovators; carries out intermediary activities that strengthen and unify the ecosystem by conducting trainings, consultancy, events, public dialogue studies and applied research projects.<\/p>\n","protected":false},"excerpt":{"rendered":"<p>\u0130stasyonTEDU &#8211; TED University Center for Social Innovation, established on 8th April 2016, is a multifunctional co-production space, contributing to the development of social innovation and social entrepreneurship ecosystems, to support the strengthening of university-society interaction, and to bring social benefit-oriented actors together. \u0130stasyonTEDU offers non-financial support to social entrepreneurs and social innovators; carries out [&hellip;]<\/p>\n","protected":false},"author":1,"featured_media":0,"parent":5787,"menu_order":0,"comment_status":"closed","ping_status":"closed","template":"","meta":{"footnotes":""},"class_list":["post-6017","page","type-page","status-publish","hentry"],"_links":{"self":[{"href":"https:\/\/inspire-eu.com\/EN\/index.php\/wp-json\/wp\/v2\/pages\/6017","targetHints":{"allow":["GET"]}}],"collection":[{"href":"https:\/\/inspire-eu.com\/EN\/index.php\/wp-json\/wp\/v2\/pages"}],"about":[{"href":"https:\/\/inspire-eu.com\/EN\/index.php\/wp-json\/wp\/v2\/types\/page"}],"author":[{"embeddable":true,"href":"https:\/\/inspire-eu.com\/EN\/index.php\/wp-json\/wp\/v2\/users\/1"}],"replies":[{"embeddable":true,"href":"https:\/\/inspire-eu.com\/EN\/index.php\/wp-json\/wp\/v2\/comments?post=6017"}],"version-history":[{"count":1,"href":"https:\/\/inspire-eu.com\/EN\/index.php\/wp-json\/wp\/v2\/pages\/6017\/revisions"}],"predecessor-version":[{"id":6018,"href":"https:\/\/inspire-eu.com\/EN\/index.php\/wp-json\/wp\/v2\/pages\/6017\/revisions\/6018"}],"up":[{"embeddable":true,"href":"https:\/\/inspire-eu.com\/EN\/index.php\/wp-json\/wp\/v2\/pages\/5787"}],"wp:attachment":[{"href":"https:\/\/inspire-eu.com\/EN\/index.php\/wp-json\/wp\/v2\/media?parent=6017"}],"curies":[{"name":"wp","href":"https:\/\/api.w.org\/{rel}","templated":true}]}}